{"id":34345,"date":"2025-09-28T14:02:04","date_gmt":"2025-09-28T12:02:04","guid":{"rendered":"https:\/\/flyforfun.at\/?post_type=product&#038;p=34345"},"modified":"2025-12-20T21:44:10","modified_gmt":"2025-12-20T20:44:10","slug":"erweiterung-aeroclub-2026","status":"publish","type":"product","link":"https:\/\/flyforfun.at\/en\/store\/ticket\/jahresticket-365tage\/erweiterung-aeroclub-2026\/","title":{"rendered":"Erweiterung Aeroclub 2026"},"content":{"rendered":"","protected":false},"excerpt":{"rendered":"<h5><strong>Erm\u00e4\u00dfigte AeroClub-Mitgliedschaft 2026<br \/>\n<\/strong><span style=\"font-weight: 400;\"><span style=\"text-decoration: underline;\">exklusiv<\/span> f\u00fcr Pilot*innen mit FlyForFun Jahresticket 2026<br \/>\nG\u00fcltig ab sofort bis 31.12.2026<\/span><\/h5>\n<p>&nbsp;<\/p>\n<h5><strong>Inhalt<\/strong><\/h5>\n<ul>\n<li>Die Erm\u00e4\u00dfigung gilt nur in Kombination mit einem FlyForFun Jahresticket Pilot 2026.<\/li>\n<li><span style=\"font-size: 16px;\">Die Aeroclub-Mitgliedschaft ist ab sofort bis Ende 2026 g\u00fcltig.<\/span><\/li>\n<li>Der erm\u00e4\u00dfigte AeroClub Jahresbeitrag f\u00fcr Pilot*innen mit einem FlyForFun Jahresticket 2026 betr\u00e4gt nur EUR 69,00.<\/li>\n<li><a href=\"https:\/\/aeroclub.at\/uploads\/images\/site\/796\/content1_text33\/Infoblatt_SPORTLIZENZ-MITGLIEDSKARTE_ohneDW.pdf\">FAI Sportlizenz<\/a> f\u00fcr\u00a0\u00d6sterreichische Staatsb\u00fcrger und Ausl\u00e4ndische Staatsb\u00fcrger mit Hauptwohnsitz in \u00d6sterreich.<\/li>\n<li>Inkl. gesetzliche <a href=\"https:\/\/aeroclub.at\/uploads\/images\/site\/796\/content1_text30\/OeAeC_MGD_012-i00_inkl-versicherungen-FAL_HPG.pdf\">Halterhaftpflichtversicherung<\/a> des AeroClub f\u00fcr Paragleiter und Drachenflieger.<\/li>\n<li>Mehr zu deinem Vorteilen erh\u00e4ltst du auf unserer <a style=\"font-size: 16px; background-color: #ffffff;\" href=\"https:\/\/flyforfun.at\/mitglied-werden\/\">Club-Infoseite<\/a><span style=\"font-size: 16px;\">.<\/span><\/li>\n<\/ul>\n<h5><strong>Wichtiger Hinweis<\/strong><\/h5>\n<ul>\n<li>Das Ticket ist nicht \u00fcbertragbar.<\/li>\n<li>Wenn du am Gaisberg fliegst, erkl\u00e4rst du dich mit unserer Flugordnung einverstanden!<\/li>\n<li>Betr\u00e4ge umsatzsteuerfrei (gemeinn\u00fctziger Sportverein). Es gelten die <a href=\"https:\/\/flyforfun.at\/allgemeine-geschaeftsbedingungen\/\">Fly For Fun AGB<\/a> und des <a href=\"https:\/\/aeroclub.at\/?id=1555\">AeroClubs.<\/a><\/li>\n<\/ul>\n","protected":false},"featured_media":34717,"comment_status":"closed","ping_status":"closed","template":"","meta":{"_acf_changed":false,"site-sidebar-layout":"default","site-content-layout":"default","ast-site-content-layout":"default","site-content-style":"default","site-sidebar-style":"default","ast-global-header-display":"","ast-banner-title-visibility":"","ast-main-header-display":"","ast-hfb-above-header-display":"","ast-hfb-below-header-display":"","ast-hfb-mobile-header-display":"","site-post-title":"","ast-breadcrumbs-content":"","ast-featured-img":"","footer-sml-layout":"","theme-transparent-header-meta":"default","adv-header-id-meta":"","stick-header-meta":"","header-above-stick-meta":"","header-main-stick-meta":"","header-below-stick-meta":"","astra-migrate-meta-layouts":"set","ast-page-background-enabled":"default","ast-page-background-meta":{"desktop":{"background-color":"","background-image":"","background-repeat":"repeat","background-position":"center center","background-size":"auto","background-attachment":"scroll","background-type":"","background-media":"","overlay-type":"","overlay-color":"","overlay-opacity":"","overlay-gradient":""},"tablet":{"background-color":"","background-image":"","background-repeat":"repeat","background-position":"center center","background-size":"auto","background-attachment":"scroll","background-type":"","background-media":"","overlay-type":"","overlay-color":"","overlay-opacity":"","overlay-gradient":""},"mobile":{"background-color":"","background-image":"","background-repeat":"repeat","background-position":"center center","background-size":"auto","background-attachment":"scroll","background-type":"","background-media":"","overlay-type":"","overlay-color":"","overlay-opacity":"","overlay-gradient":""}},"ast-content-background-meta":{"desktop":{"background-color":"var(--ast-global-color-5)","background-image":"","background-repeat":"repeat","background-position":"center center","background-size":"auto","background-attachment":"scroll","background-type":"","background-media":"","overlay-type":"","overlay-color":"","overlay-opacity":"","overlay-gradient":""},"tablet":{"background-color":"var(--ast-global-color-5)","background-image":"","background-repeat":"repeat","background-position":"center center","background-size":"auto","background-attachment":"scroll","background-type":"","background-media":"","overlay-type":"","overlay-color":"","overlay-opacity":"","overlay-gradient":""},"mobile":{"background-color":"var(--ast-global-color-5)","background-image":"","background-repeat":"repeat","background-position":"center center","background-size":"auto","background-attachment":"scroll","background-type":"","background-media":"","overlay-type":"","overlay-color":"","overlay-opacity":"","overlay-gradient":""}}},"product_brand":[],"product_cat":[89,61,116],"product_tag":[110,104,106,111],"class_list":{"0":"post-34345","1":"product","2":"type-product","3":"status-publish","4":"has-post-thumbnail","6":"product_cat-aeroclub","7":"product_cat-jahresticket-365tage","8":"product_cat-ticket","9":"product_tag-aeroclub","10":"product_tag-flyforfun","11":"product_tag-gaisberg","12":"product_tag-oeac","13":"desktop-align-left","14":"tablet-align-left","15":"mobile-align-left","17":"first","18":"instock","19":"virtual","20":"sold-individually","21":"purchasable","22":"product-type-simple"},"acf":[],"yoast_head":"<!-- This site is optimized with the Yoast SEO plugin v27.3 - https:\/\/yoast.com\/product\/yoast-seo-wordpress\/ -->\n<title>Erweiterung Aeroclub 2026 - FlyForFun Salzburg<\/title>\n<meta name=\"description\" content=\"Erm\u00e4\u00df\u00edgte AeroClub-Mitgliedschaft exklusiv f\u00fcr Pilot*innen mit einem FlyForFun Jahresticket 2025. Mit zahlreichen Clubvorteilen.\" \/>\n<meta name=\"robots\" content=\"index, follow, max-snippet:-1, max-image-preview:large, max-video-preview:-1\" \/>\n<link rel=\"canonical\" href=\"https:\/\/flyforfun.at\/store\/ticket\/jahresticket-365tage\/erweiterung-aeroclub-2026\/\" \/>\n<meta property=\"og:locale\" content=\"en_US\" \/>\n<meta property=\"og:type\" content=\"article\" \/>\n<meta property=\"og:title\" content=\"Erweiterung Aeroclub 2026 - FlyForFun Salzburg\" \/>\n<meta property=\"og:description\" content=\"Erm\u00e4\u00df\u00edgte AeroClub-Mitgliedschaft exklusiv f\u00fcr Pilot*innen mit einem FlyForFun Jahresticket 2025. Mit zahlreichen Clubvorteilen.\" \/>\n<meta property=\"og:url\" content=\"https:\/\/flyforfun.at\/store\/ticket\/jahresticket-365tage\/erweiterung-aeroclub-2026\/\" \/>\n<meta property=\"og:site_name\" content=\"FlyForFun Salzburg\" \/>\n<meta property=\"article:publisher\" content=\"https:\/\/www.facebook.com\/FlyForFunSalzburg\" \/>\n<meta property=\"article:modified_time\" content=\"2025-12-20T20:44:10+00:00\" \/>\n<meta property=\"og:image\" content=\"https:\/\/flyforfun.at\/wp-content\/uploads\/2025\/09\/Aeroclub_Erweiterung-2026.jpg\" \/>\n\t<meta property=\"og:image:width\" content=\"600\" \/>\n\t<meta property=\"og:image:height\" content=\"914\" \/>\n\t<meta property=\"og:image:type\" content=\"image\/jpeg\" \/>\n<meta name=\"twitter:card\" content=\"summary_large_image\" \/>\n<meta name=\"twitter:label1\" content=\"Est. reading time\" \/>\n\t<meta name=\"twitter:data1\" content=\"1 minute\" \/>\n<script type=\"application\/ld+json\" class=\"yoast-schema-graph\">{\"@context\":\"https:\\\/\\\/schema.org\",\"@graph\":[{\"@type\":\"WebPage\",\"@id\":\"https:\\\/\\\/flyforfun.at\\\/store\\\/ticket\\\/jahresticket-365tage\\\/erweiterung-aeroclub-2026\\\/\",\"url\":\"https:\\\/\\\/flyforfun.at\\\/store\\\/ticket\\\/jahresticket-365tage\\\/erweiterung-aeroclub-2026\\\/\",\"name\":\"Erweiterung Aeroclub 2026 - FlyForFun Salzburg\",\"isPartOf\":{\"@id\":\"https:\\\/\\\/flyforfun.at\\\/#website\"},\"primaryImageOfPage\":{\"@id\":\"https:\\\/\\\/flyforfun.at\\\/store\\\/ticket\\\/jahresticket-365tage\\\/erweiterung-aeroclub-2026\\\/#primaryimage\"},\"image\":{\"@id\":\"https:\\\/\\\/flyforfun.at\\\/store\\\/ticket\\\/jahresticket-365tage\\\/erweiterung-aeroclub-2026\\\/#primaryimage\"},\"thumbnailUrl\":\"https:\\\/\\\/flyforfun.at\\\/wp-content\\\/uploads\\\/2025\\\/09\\\/Aeroclub_Erweiterung-2026.jpg\",\"datePublished\":\"2025-09-28T12:02:04+00:00\",\"dateModified\":\"2025-12-20T20:44:10+00:00\",\"description\":\"Erm\u00e4\u00df\u00edgte AeroClub-Mitgliedschaft exklusiv f\u00fcr Pilot*innen mit einem FlyForFun Jahresticket 2025. Mit zahlreichen Clubvorteilen.\",\"breadcrumb\":{\"@id\":\"https:\\\/\\\/flyforfun.at\\\/store\\\/ticket\\\/jahresticket-365tage\\\/erweiterung-aeroclub-2026\\\/#breadcrumb\"},\"inLanguage\":\"en-US\",\"potentialAction\":[{\"@type\":\"ReadAction\",\"target\":[\"https:\\\/\\\/flyforfun.at\\\/store\\\/ticket\\\/jahresticket-365tage\\\/erweiterung-aeroclub-2026\\\/\"]}]},{\"@type\":\"ImageObject\",\"inLanguage\":\"en-US\",\"@id\":\"https:\\\/\\\/flyforfun.at\\\/store\\\/ticket\\\/jahresticket-365tage\\\/erweiterung-aeroclub-2026\\\/#primaryimage\",\"url\":\"https:\\\/\\\/flyforfun.at\\\/wp-content\\\/uploads\\\/2025\\\/09\\\/Aeroclub_Erweiterung-2026.jpg\",\"contentUrl\":\"https:\\\/\\\/flyforfun.at\\\/wp-content\\\/uploads\\\/2025\\\/09\\\/Aeroclub_Erweiterung-2026.jpg\",\"width\":600,\"height\":914},{\"@type\":\"BreadcrumbList\",\"@id\":\"https:\\\/\\\/flyforfun.at\\\/store\\\/ticket\\\/jahresticket-365tage\\\/erweiterung-aeroclub-2026\\\/#breadcrumb\",\"itemListElement\":[{\"@type\":\"ListItem\",\"position\":1,\"name\":\"Startseite\",\"item\":\"https:\\\/\\\/flyforfun.at\\\/en\\\/flyforfun-salzburg\\\/\"},{\"@type\":\"ListItem\",\"position\":2,\"name\":\"Fly For Fun Shop\",\"item\":\"https:\\\/\\\/flyforfun.at\\\/store\\\/\"},{\"@type\":\"ListItem\",\"position\":3,\"name\":\"Erweiterung Aeroclub 2026\"}]},{\"@type\":\"WebSite\",\"@id\":\"https:\\\/\\\/flyforfun.at\\\/#website\",\"url\":\"https:\\\/\\\/flyforfun.at\\\/\",\"name\":\"FlyForFun Salzburg\",\"description\":\"Paragleiten und Drachenfliegen am Gaisberg\",\"publisher\":{\"@id\":\"https:\\\/\\\/flyforfun.at\\\/#organization\"},\"potentialAction\":[{\"@type\":\"SearchAction\",\"target\":{\"@type\":\"EntryPoint\",\"urlTemplate\":\"https:\\\/\\\/flyforfun.at\\\/?s={search_term_string}\"},\"query-input\":{\"@type\":\"PropertyValueSpecification\",\"valueRequired\":true,\"valueName\":\"search_term_string\"}}],\"inLanguage\":\"en-US\"},{\"@type\":\"Organization\",\"@id\":\"https:\\\/\\\/flyforfun.at\\\/#organization\",\"name\":\"FlyForFun Salzburg\",\"url\":\"https:\\\/\\\/flyforfun.at\\\/\",\"logo\":{\"@type\":\"ImageObject\",\"inLanguage\":\"en-US\",\"@id\":\"https:\\\/\\\/flyforfun.at\\\/#\\\/schema\\\/logo\\\/image\\\/\",\"url\":\"https:\\\/\\\/flyforfun.at\\\/wp-content\\\/uploads\\\/2023\\\/04\\\/flyforfun_grau.webp\",\"contentUrl\":\"https:\\\/\\\/flyforfun.at\\\/wp-content\\\/uploads\\\/2023\\\/04\\\/flyforfun_grau.webp\",\"width\":1175,\"height\":1189,\"caption\":\"FlyForFun Salzburg\"},\"image\":{\"@id\":\"https:\\\/\\\/flyforfun.at\\\/#\\\/schema\\\/logo\\\/image\\\/\"},\"sameAs\":[\"https:\\\/\\\/www.facebook.com\\\/FlyForFunSalzburg\"]}]}<\/script>\n<!-- \/ Yoast SEO plugin. -->","yoast_head_json":{"title":"Erweiterung Aeroclub 2026 - FlyForFun Salzburg","description":"Erm\u00e4\u00df\u00edgte AeroClub-Mitgliedschaft exklusiv f\u00fcr Pilot*innen mit einem FlyForFun Jahresticket 2025. Mit zahlreichen Clubvorteilen.","robots":{"index":"index","follow":"follow","max-snippet":"max-snippet:-1","max-image-preview":"max-image-preview:large","max-video-preview":"max-video-preview:-1"},"canonical":"https:\/\/flyforfun.at\/store\/ticket\/jahresticket-365tage\/erweiterung-aeroclub-2026\/","og_locale":"en_US","og_type":"article","og_title":"Erweiterung Aeroclub 2026 - FlyForFun Salzburg","og_description":"Erm\u00e4\u00df\u00edgte AeroClub-Mitgliedschaft exklusiv f\u00fcr Pilot*innen mit einem FlyForFun Jahresticket 2025. Mit zahlreichen Clubvorteilen.","og_url":"https:\/\/flyforfun.at\/store\/ticket\/jahresticket-365tage\/erweiterung-aeroclub-2026\/","og_site_name":"FlyForFun Salzburg","article_publisher":"https:\/\/www.facebook.com\/FlyForFunSalzburg","article_modified_time":"2025-12-20T20:44:10+00:00","og_image":[{"width":600,"height":914,"url":"https:\/\/flyforfun.at\/wp-content\/uploads\/2025\/09\/Aeroclub_Erweiterung-2026.jpg","type":"image\/jpeg"}],"twitter_card":"summary_large_image","twitter_misc":{"Est. reading time":"1 minute"},"schema":{"@context":"https:\/\/schema.org","@graph":[{"@type":"WebPage","@id":"https:\/\/flyforfun.at\/store\/ticket\/jahresticket-365tage\/erweiterung-aeroclub-2026\/","url":"https:\/\/flyforfun.at\/store\/ticket\/jahresticket-365tage\/erweiterung-aeroclub-2026\/","name":"Erweiterung Aeroclub 2026 - FlyForFun Salzburg","isPartOf":{"@id":"https:\/\/flyforfun.at\/#website"},"primaryImageOfPage":{"@id":"https:\/\/flyforfun.at\/store\/ticket\/jahresticket-365tage\/erweiterung-aeroclub-2026\/#primaryimage"},"image":{"@id":"https:\/\/flyforfun.at\/store\/ticket\/jahresticket-365tage\/erweiterung-aeroclub-2026\/#primaryimage"},"thumbnailUrl":"https:\/\/flyforfun.at\/wp-content\/uploads\/2025\/09\/Aeroclub_Erweiterung-2026.jpg","datePublished":"2025-09-28T12:02:04+00:00","dateModified":"2025-12-20T20:44:10+00:00","description":"Erm\u00e4\u00df\u00edgte AeroClub-Mitgliedschaft exklusiv f\u00fcr Pilot*innen mit einem FlyForFun Jahresticket 2025. Mit zahlreichen Clubvorteilen.","breadcrumb":{"@id":"https:\/\/flyforfun.at\/store\/ticket\/jahresticket-365tage\/erweiterung-aeroclub-2026\/#breadcrumb"},"inLanguage":"en-US","potentialAction":[{"@type":"ReadAction","target":["https:\/\/flyforfun.at\/store\/ticket\/jahresticket-365tage\/erweiterung-aeroclub-2026\/"]}]},{"@type":"ImageObject","inLanguage":"en-US","@id":"https:\/\/flyforfun.at\/store\/ticket\/jahresticket-365tage\/erweiterung-aeroclub-2026\/#primaryimage","url":"https:\/\/flyforfun.at\/wp-content\/uploads\/2025\/09\/Aeroclub_Erweiterung-2026.jpg","contentUrl":"https:\/\/flyforfun.at\/wp-content\/uploads\/2025\/09\/Aeroclub_Erweiterung-2026.jpg","width":600,"height":914},{"@type":"BreadcrumbList","@id":"https:\/\/flyforfun.at\/store\/ticket\/jahresticket-365tage\/erweiterung-aeroclub-2026\/#breadcrumb","itemListElement":[{"@type":"ListItem","position":1,"name":"Startseite","item":"https:\/\/flyforfun.at\/en\/flyforfun-salzburg\/"},{"@type":"ListItem","position":2,"name":"Fly For Fun Shop","item":"https:\/\/flyforfun.at\/store\/"},{"@type":"ListItem","position":3,"name":"Erweiterung Aeroclub 2026"}]},{"@type":"WebSite","@id":"https:\/\/flyforfun.at\/#website","url":"https:\/\/flyforfun.at\/","name":"FlyForFun Salzburg","description":"Paragleiten und Drachenfliegen am Gaisberg","publisher":{"@id":"https:\/\/flyforfun.at\/#organization"},"potentialAction":[{"@type":"SearchAction","target":{"@type":"EntryPoint","urlTemplate":"https:\/\/flyforfun.at\/?s={search_term_string}"},"query-input":{"@type":"PropertyValueSpecification","valueRequired":true,"valueName":"search_term_string"}}],"inLanguage":"en-US"},{"@type":"Organization","@id":"https:\/\/flyforfun.at\/#organization","name":"FlyForFun Salzburg","url":"https:\/\/flyforfun.at\/","logo":{"@type":"ImageObject","inLanguage":"en-US","@id":"https:\/\/flyforfun.at\/#\/schema\/logo\/image\/","url":"https:\/\/flyforfun.at\/wp-content\/uploads\/2023\/04\/flyforfun_grau.webp","contentUrl":"https:\/\/flyforfun.at\/wp-content\/uploads\/2023\/04\/flyforfun_grau.webp","width":1175,"height":1189,"caption":"FlyForFun Salzburg"},"image":{"@id":"https:\/\/flyforfun.at\/#\/schema\/logo\/image\/"},"sameAs":["https:\/\/www.facebook.com\/FlyForFunSalzburg"]}]}},"_links":{"self":[{"href":"https:\/\/flyforfun.at\/en\/wp-json\/wp\/v2\/product\/34345","targetHints":{"allow":["GET"]}}],"collection":[{"href":"https:\/\/flyforfun.at\/en\/wp-json\/wp\/v2\/product"}],"about":[{"href":"https:\/\/flyforfun.at\/en\/wp-json\/wp\/v2\/types\/product"}],"replies":[{"embeddable":true,"href":"https:\/\/flyforfun.at\/en\/wp-json\/wp\/v2\/comments?post=34345"}],"version-history":[{"count":2,"href":"https:\/\/flyforfun.at\/en\/wp-json\/wp\/v2\/product\/34345\/revisions"}],"predecessor-version":[{"id":34357,"href":"https:\/\/flyforfun.at\/en\/wp-json\/wp\/v2\/product\/34345\/revisions\/34357"}],"wp:featuredmedia":[{"embeddable":true,"href":"https:\/\/flyforfun.at\/en\/wp-json\/wp\/v2\/media\/34717"}],"wp:attachment":[{"href":"https:\/\/flyforfun.at\/en\/wp-json\/wp\/v2\/media?parent=34345"}],"wp:term":[{"taxonomy":"product_brand","embeddable":true,"href":"https:\/\/flyforfun.at\/en\/wp-json\/wp\/v2\/product_brand?post=34345"},{"taxonomy":"product_cat","embeddable":true,"href":"https:\/\/flyforfun.at\/en\/wp-json\/wp\/v2\/product_cat?post=34345"},{"taxonomy":"product_tag","embeddable":true,"href":"https:\/\/flyforfun.at\/en\/wp-json\/wp\/v2\/product_tag?post=34345"}],"curies":[{"name":"wp","href":"https:\/\/api.w.org\/{rel}","templated":true}]}}