{"id":34343,"date":"2025-09-28T13:52:08","date_gmt":"2025-09-28T11:52:08","guid":{"rendered":"https:\/\/flyforfun.at\/?post_type=product&#038;p=34343"},"modified":"2025-12-20T21:43:40","modified_gmt":"2025-12-20T20:43:40","slug":"jahresticket-tandem-2026","status":"publish","type":"product","link":"https:\/\/flyforfun.at\/en\/store\/ticket\/jahresticket-365tage\/jahresticket-tandem-2026\/","title":{"rendered":"Jahresticket Tandem 2026"},"content":{"rendered":"","protected":false},"excerpt":{"rendered":"<h5><strong>Passagierjahrespauschale 2026 f\u00fcr Tandempiloten<\/strong><\/h5>\n<h5><strong>Fluggebiet Gaisberg<\/strong><\/h5>\n<h5><span style=\"font-weight: 400;\">G\u00fcltig bis 31.12.2026<\/span><\/h5>\n<h5><strong><span style=\"font-size: 16px;\"><br \/>\n<\/span>Inhalt<\/strong><\/h5>\n<ul>\n<li>Bei\u00a0<strong>Tandemfl\u00fcgen<\/strong> im Fluggebiet Gaisberg ben\u00f6tigt der Pilot sowohl <strong>1 Pilotenticket<\/strong> als auch <strong>1 Passagierticket<\/strong>.<\/li>\n<li>Die <strong>Passagier-Pauschale<\/strong> berechtigt 1 Tandempiloten zur Mitnahme einer unlimitierten Anzahl von Passagieren im G\u00fcltigkeitszeitraum. Dies erspart den Erwerb eines Tagestickets f\u00fcr jeden einzelnen Passagier.<\/li>\n<li><span style=\"font-size: 16px;\">G\u00fcltig nur in Kombination mit einem g\u00fcltigen <strong>Jahresticket Pilot (Tandempilot)<\/strong>.<\/span><\/li>\n<li>Ticket <strong>nicht<\/strong> auf andere Tandempiloten <strong>\u00fcbertragbar<\/strong>.<\/li>\n<\/ul>\n<h5><strong> Zielgruppe<\/strong><\/h5>\n<ul>\n<li><strong>Gewerbliche Tandempiloten<\/strong>, die mehr als 20 Passagiere pro Jahr <span style=\"text-decoration: underline;\">gegen Entgelt<\/span> mitnehmen. Alternativ kann der Tandempilot auch <a href=\"https:\/\/flyforfun.at\/store\/ticket\/tagesticket-24h\/tagesticket-tandempassagier\/\" target=\"_blank\" rel=\"noopener\"><span style=\"text-decoration: underline;\"><span style=\"color: #ff6600; text-decoration: underline;\">Tagestickets f\u00fcr jeden einzelnen Passagier<\/span><\/span><\/a> erwerben.<\/li>\n<li><strong>Private Tandempiloten<\/strong>, die pro Jahr mehr als 20 Freunde oder Bekannte <span style=\"text-decoration: underline;\">unentgeltlich<\/span> einladen wollen. Die Passagiere ersparen sich dann jeweils ein eigenes <span style=\"text-decoration: underline;\"><span style=\"color: #ff6600; text-decoration: underline;\"><a style=\"color: #ff6600; text-decoration: underline;\" href=\"https:\/\/flyforfun.at\/store\/ticket\/tagesticket-24h\/tagesticket-tandempassagier\/\" target=\"_blank\" rel=\"noopener\">Tagesticket f\u00fcr Tandempassagiere<\/a><\/span><\/span>. Familie und Lebensgef\u00e4hrte fliegen jedenfalls <span style=\"text-decoration: underline;\">frei<\/span> (ohne Passagierticket) mit.<\/li>\n<\/ul>\n<h5><strong>Wichtige Hinweise<\/strong><\/h5>\n<ul>\n<li>Als gewerblicher Tandempilot tr\u00e4gst du eine besondere Verantwortung f\u00fcr Deinen Passagier, andere Piloten und die Erhaltung des Fluggebiets!<\/li>\n<li>Bitte beachte, dass du als Tandempilot keinen Vorrang gegen\u00fcber Solopiloten hast und die \u00fcbrigen Piloten nicht durch \u00fcberm\u00e4\u00dfigen Tandembetrieb gest\u00f6rt werden!<\/li>\n<li>Wenn du am Gaisberg fliegst, erkl\u00e4rst du dich mit unserer Flugordnung einverstanden!<\/li>\n<li>Preis umsatzsteuerfrei (gemeinn\u00fctziger Sportverein).<\/li>\n<li>Es gelten die <span style=\"color: #ff6600;\"><span style=\"color: #ff6600;\"><a style=\"color: #ff6600;\" href=\"https:\/\/flyforfun.at\/allgemeine-geschaeftsbedingungen\/\" target=\"_blank\" rel=\"noopener\">FlyForFun AGB.<\/a><\/span><\/span><\/li>\n<\/ul>\n","protected":false},"featured_media":34719,"comment_status":"closed","ping_status":"closed","template":"","meta":{"_acf_changed":false,"site-sidebar-layout":"default","site-content-layout":"default","ast-site-content-layout":"default","site-content-style":"default","site-sidebar-style":"default","ast-global-header-display":"","ast-banner-title-visibility":"","ast-main-header-display":"","ast-hfb-above-header-display":"","ast-hfb-below-header-display":"","ast-hfb-mobile-header-display":"","site-post-title":"","ast-breadcrumbs-content":"","ast-featured-img":"","footer-sml-layout":"","theme-transparent-header-meta":"default","adv-header-id-meta":"","stick-header-meta":"","header-above-stick-meta":"","header-main-stick-meta":"","header-below-stick-meta":"","astra-migrate-meta-layouts":"set","ast-page-background-enabled":"default","ast-page-background-meta":{"desktop":{"background-color":"","background-image":"","background-repeat":"repeat","background-position":"center center","background-size":"auto","background-attachment":"scroll","background-type":"","background-media":"","overlay-type":"","overlay-color":"","overlay-opacity":"","overlay-gradient":""},"tablet":{"background-color":"","background-image":"","background-repeat":"repeat","background-position":"center center","background-size":"auto","background-attachment":"scroll","background-type":"","background-media":"","overlay-type":"","overlay-color":"","overlay-opacity":"","overlay-gradient":""},"mobile":{"background-color":"","background-image":"","background-repeat":"repeat","background-position":"center center","background-size":"auto","background-attachment":"scroll","background-type":"","background-media":"","overlay-type":"","overlay-color":"","overlay-opacity":"","overlay-gradient":""}},"ast-content-background-meta":{"desktop":{"background-color":"var(--ast-global-color-5)","background-image":"","background-repeat":"repeat","background-position":"center center","background-size":"auto","background-attachment":"scroll","background-type":"","background-media":"","overlay-type":"","overlay-color":"","overlay-opacity":"","overlay-gradient":""},"tablet":{"background-color":"var(--ast-global-color-5)","background-image":"","background-repeat":"repeat","background-position":"center center","background-size":"auto","background-attachment":"scroll","background-type":"","background-media":"","overlay-type":"","overlay-color":"","overlay-opacity":"","overlay-gradient":""},"mobile":{"background-color":"var(--ast-global-color-5)","background-image":"","background-repeat":"repeat","background-position":"center center","background-size":"auto","background-attachment":"scroll","background-type":"","background-media":"","overlay-type":"","overlay-color":"","overlay-opacity":"","overlay-gradient":""}}},"product_brand":[],"product_cat":[61,126,116],"product_tag":[],"class_list":{"0":"post-34343","1":"product","2":"type-product","3":"status-publish","4":"has-post-thumbnail","6":"product_cat-jahresticket-365tage","7":"product_cat-tandem","8":"product_cat-ticket","9":"desktop-align-left","10":"tablet-align-left","11":"mobile-align-left","13":"first","14":"instock","15":"virtual","16":"sold-individually","17":"purchasable","18":"product-type-simple"},"acf":[],"yoast_head":"<!-- This site is optimized with the Yoast SEO plugin v27.3 - https:\/\/yoast.com\/product\/yoast-seo-wordpress\/ -->\n<title>Jahresticket Tandem 2026 - FlyForFun Salzburg<\/title>\n<meta name=\"description\" content=\"Das Jahresticket Tandem 2025 berechtigt 1 Tandempiloten mit g\u00fcltigem Pilotenticket zur Mitnahme unlimitierter Tandempassagiere im Fluggebiet Gaisberg.\" \/>\n<meta name=\"robots\" content=\"index, follow, max-snippet:-1, max-image-preview:large, max-video-preview:-1\" \/>\n<link rel=\"canonical\" href=\"https:\/\/flyforfun.at\/store\/ticket\/jahresticket-365tage\/jahresticket-tandem-2026\/\" \/>\n<meta property=\"og:locale\" content=\"en_US\" \/>\n<meta property=\"og:type\" content=\"article\" \/>\n<meta property=\"og:title\" content=\"Jahresticket Tandem 2026 - FlyForFun Salzburg\" \/>\n<meta property=\"og:description\" content=\"Das Jahresticket Tandem 2025 berechtigt 1 Tandempiloten mit g\u00fcltigem Pilotenticket zur Mitnahme unlimitierter Tandempassagiere im Fluggebiet Gaisberg.\" \/>\n<meta property=\"og:url\" content=\"https:\/\/flyforfun.at\/store\/ticket\/jahresticket-365tage\/jahresticket-tandem-2026\/\" \/>\n<meta property=\"og:site_name\" content=\"FlyForFun Salzburg\" \/>\n<meta property=\"article:publisher\" content=\"https:\/\/www.facebook.com\/FlyForFunSalzburg\" \/>\n<meta property=\"article:modified_time\" content=\"2025-12-20T20:43:40+00:00\" \/>\n<meta property=\"og:image\" content=\"https:\/\/flyforfun.at\/wp-content\/uploads\/2025\/09\/Jahresticket_Tandem-2026.jpg\" \/>\n\t<meta property=\"og:image:width\" content=\"600\" \/>\n\t<meta property=\"og:image:height\" content=\"914\" \/>\n\t<meta property=\"og:image:type\" content=\"image\/jpeg\" \/>\n<meta name=\"twitter:card\" content=\"summary_large_image\" \/>\n<meta name=\"twitter:label1\" content=\"Est. reading time\" \/>\n\t<meta name=\"twitter:data1\" content=\"1 minute\" \/>\n<script type=\"application\/ld+json\" class=\"yoast-schema-graph\">{\"@context\":\"https:\\\/\\\/schema.org\",\"@graph\":[{\"@type\":\"WebPage\",\"@id\":\"https:\\\/\\\/flyforfun.at\\\/store\\\/ticket\\\/jahresticket-365tage\\\/jahresticket-tandem-2026\\\/\",\"url\":\"https:\\\/\\\/flyforfun.at\\\/store\\\/ticket\\\/jahresticket-365tage\\\/jahresticket-tandem-2026\\\/\",\"name\":\"Jahresticket Tandem 2026 - FlyForFun Salzburg\",\"isPartOf\":{\"@id\":\"https:\\\/\\\/flyforfun.at\\\/#website\"},\"primaryImageOfPage\":{\"@id\":\"https:\\\/\\\/flyforfun.at\\\/store\\\/ticket\\\/jahresticket-365tage\\\/jahresticket-tandem-2026\\\/#primaryimage\"},\"image\":{\"@id\":\"https:\\\/\\\/flyforfun.at\\\/store\\\/ticket\\\/jahresticket-365tage\\\/jahresticket-tandem-2026\\\/#primaryimage\"},\"thumbnailUrl\":\"https:\\\/\\\/flyforfun.at\\\/wp-content\\\/uploads\\\/2025\\\/09\\\/Jahresticket_Tandem-2026.jpg\",\"datePublished\":\"2025-09-28T11:52:08+00:00\",\"dateModified\":\"2025-12-20T20:43:40+00:00\",\"description\":\"Das Jahresticket Tandem 2025 berechtigt 1 Tandempiloten mit g\u00fcltigem Pilotenticket zur Mitnahme unlimitierter Tandempassagiere im Fluggebiet Gaisberg.\",\"breadcrumb\":{\"@id\":\"https:\\\/\\\/flyforfun.at\\\/store\\\/ticket\\\/jahresticket-365tage\\\/jahresticket-tandem-2026\\\/#breadcrumb\"},\"inLanguage\":\"en-US\",\"potentialAction\":[{\"@type\":\"ReadAction\",\"target\":[\"https:\\\/\\\/flyforfun.at\\\/store\\\/ticket\\\/jahresticket-365tage\\\/jahresticket-tandem-2026\\\/\"]}]},{\"@type\":\"ImageObject\",\"inLanguage\":\"en-US\",\"@id\":\"https:\\\/\\\/flyforfun.at\\\/store\\\/ticket\\\/jahresticket-365tage\\\/jahresticket-tandem-2026\\\/#primaryimage\",\"url\":\"https:\\\/\\\/flyforfun.at\\\/wp-content\\\/uploads\\\/2025\\\/09\\\/Jahresticket_Tandem-2026.jpg\",\"contentUrl\":\"https:\\\/\\\/flyforfun.at\\\/wp-content\\\/uploads\\\/2025\\\/09\\\/Jahresticket_Tandem-2026.jpg\",\"width\":600,\"height\":914},{\"@type\":\"BreadcrumbList\",\"@id\":\"https:\\\/\\\/flyforfun.at\\\/store\\\/ticket\\\/jahresticket-365tage\\\/jahresticket-tandem-2026\\\/#breadcrumb\",\"itemListElement\":[{\"@type\":\"ListItem\",\"position\":1,\"name\":\"Startseite\",\"item\":\"https:\\\/\\\/flyforfun.at\\\/en\\\/flyforfun-salzburg\\\/\"},{\"@type\":\"ListItem\",\"position\":2,\"name\":\"Fly For Fun Shop\",\"item\":\"https:\\\/\\\/flyforfun.at\\\/store\\\/\"},{\"@type\":\"ListItem\",\"position\":3,\"name\":\"Jahresticket Tandem 2026\"}]},{\"@type\":\"WebSite\",\"@id\":\"https:\\\/\\\/flyforfun.at\\\/#website\",\"url\":\"https:\\\/\\\/flyforfun.at\\\/\",\"name\":\"FlyForFun Salzburg\",\"description\":\"Paragleiten und Drachenfliegen am Gaisberg\",\"publisher\":{\"@id\":\"https:\\\/\\\/flyforfun.at\\\/#organization\"},\"potentialAction\":[{\"@type\":\"SearchAction\",\"target\":{\"@type\":\"EntryPoint\",\"urlTemplate\":\"https:\\\/\\\/flyforfun.at\\\/?s={search_term_string}\"},\"query-input\":{\"@type\":\"PropertyValueSpecification\",\"valueRequired\":true,\"valueName\":\"search_term_string\"}}],\"inLanguage\":\"en-US\"},{\"@type\":\"Organization\",\"@id\":\"https:\\\/\\\/flyforfun.at\\\/#organization\",\"name\":\"FlyForFun Salzburg\",\"url\":\"https:\\\/\\\/flyforfun.at\\\/\",\"logo\":{\"@type\":\"ImageObject\",\"inLanguage\":\"en-US\",\"@id\":\"https:\\\/\\\/flyforfun.at\\\/#\\\/schema\\\/logo\\\/image\\\/\",\"url\":\"https:\\\/\\\/flyforfun.at\\\/wp-content\\\/uploads\\\/2023\\\/04\\\/flyforfun_grau.webp\",\"contentUrl\":\"https:\\\/\\\/flyforfun.at\\\/wp-content\\\/uploads\\\/2023\\\/04\\\/flyforfun_grau.webp\",\"width\":1175,\"height\":1189,\"caption\":\"FlyForFun Salzburg\"},\"image\":{\"@id\":\"https:\\\/\\\/flyforfun.at\\\/#\\\/schema\\\/logo\\\/image\\\/\"},\"sameAs\":[\"https:\\\/\\\/www.facebook.com\\\/FlyForFunSalzburg\"]}]}<\/script>\n<!-- \/ Yoast SEO plugin. -->","yoast_head_json":{"title":"Jahresticket Tandem 2026 - FlyForFun Salzburg","description":"Das Jahresticket Tandem 2025 berechtigt 1 Tandempiloten mit g\u00fcltigem Pilotenticket zur Mitnahme unlimitierter Tandempassagiere im Fluggebiet Gaisberg.","robots":{"index":"index","follow":"follow","max-snippet":"max-snippet:-1","max-image-preview":"max-image-preview:large","max-video-preview":"max-video-preview:-1"},"canonical":"https:\/\/flyforfun.at\/store\/ticket\/jahresticket-365tage\/jahresticket-tandem-2026\/","og_locale":"en_US","og_type":"article","og_title":"Jahresticket Tandem 2026 - FlyForFun Salzburg","og_description":"Das Jahresticket Tandem 2025 berechtigt 1 Tandempiloten mit g\u00fcltigem Pilotenticket zur Mitnahme unlimitierter Tandempassagiere im Fluggebiet Gaisberg.","og_url":"https:\/\/flyforfun.at\/store\/ticket\/jahresticket-365tage\/jahresticket-tandem-2026\/","og_site_name":"FlyForFun Salzburg","article_publisher":"https:\/\/www.facebook.com\/FlyForFunSalzburg","article_modified_time":"2025-12-20T20:43:40+00:00","og_image":[{"width":600,"height":914,"url":"https:\/\/flyforfun.at\/wp-content\/uploads\/2025\/09\/Jahresticket_Tandem-2026.jpg","type":"image\/jpeg"}],"twitter_card":"summary_large_image","twitter_misc":{"Est. reading time":"1 minute"},"schema":{"@context":"https:\/\/schema.org","@graph":[{"@type":"WebPage","@id":"https:\/\/flyforfun.at\/store\/ticket\/jahresticket-365tage\/jahresticket-tandem-2026\/","url":"https:\/\/flyforfun.at\/store\/ticket\/jahresticket-365tage\/jahresticket-tandem-2026\/","name":"Jahresticket Tandem 2026 - FlyForFun Salzburg","isPartOf":{"@id":"https:\/\/flyforfun.at\/#website"},"primaryImageOfPage":{"@id":"https:\/\/flyforfun.at\/store\/ticket\/jahresticket-365tage\/jahresticket-tandem-2026\/#primaryimage"},"image":{"@id":"https:\/\/flyforfun.at\/store\/ticket\/jahresticket-365tage\/jahresticket-tandem-2026\/#primaryimage"},"thumbnailUrl":"https:\/\/flyforfun.at\/wp-content\/uploads\/2025\/09\/Jahresticket_Tandem-2026.jpg","datePublished":"2025-09-28T11:52:08+00:00","dateModified":"2025-12-20T20:43:40+00:00","description":"Das Jahresticket Tandem 2025 berechtigt 1 Tandempiloten mit g\u00fcltigem Pilotenticket zur Mitnahme unlimitierter Tandempassagiere im Fluggebiet Gaisberg.","breadcrumb":{"@id":"https:\/\/flyforfun.at\/store\/ticket\/jahresticket-365tage\/jahresticket-tandem-2026\/#breadcrumb"},"inLanguage":"en-US","potentialAction":[{"@type":"ReadAction","target":["https:\/\/flyforfun.at\/store\/ticket\/jahresticket-365tage\/jahresticket-tandem-2026\/"]}]},{"@type":"ImageObject","inLanguage":"en-US","@id":"https:\/\/flyforfun.at\/store\/ticket\/jahresticket-365tage\/jahresticket-tandem-2026\/#primaryimage","url":"https:\/\/flyforfun.at\/wp-content\/uploads\/2025\/09\/Jahresticket_Tandem-2026.jpg","contentUrl":"https:\/\/flyforfun.at\/wp-content\/uploads\/2025\/09\/Jahresticket_Tandem-2026.jpg","width":600,"height":914},{"@type":"BreadcrumbList","@id":"https:\/\/flyforfun.at\/store\/ticket\/jahresticket-365tage\/jahresticket-tandem-2026\/#breadcrumb","itemListElement":[{"@type":"ListItem","position":1,"name":"Startseite","item":"https:\/\/flyforfun.at\/en\/flyforfun-salzburg\/"},{"@type":"ListItem","position":2,"name":"Fly For Fun Shop","item":"https:\/\/flyforfun.at\/store\/"},{"@type":"ListItem","position":3,"name":"Jahresticket Tandem 2026"}]},{"@type":"WebSite","@id":"https:\/\/flyforfun.at\/#website","url":"https:\/\/flyforfun.at\/","name":"FlyForFun Salzburg","description":"Paragleiten und Drachenfliegen am Gaisberg","publisher":{"@id":"https:\/\/flyforfun.at\/#organization"},"potentialAction":[{"@type":"SearchAction","target":{"@type":"EntryPoint","urlTemplate":"https:\/\/flyforfun.at\/?s={search_term_string}"},"query-input":{"@type":"PropertyValueSpecification","valueRequired":true,"valueName":"search_term_string"}}],"inLanguage":"en-US"},{"@type":"Organization","@id":"https:\/\/flyforfun.at\/#organization","name":"FlyForFun Salzburg","url":"https:\/\/flyforfun.at\/","logo":{"@type":"ImageObject","inLanguage":"en-US","@id":"https:\/\/flyforfun.at\/#\/schema\/logo\/image\/","url":"https:\/\/flyforfun.at\/wp-content\/uploads\/2023\/04\/flyforfun_grau.webp","contentUrl":"https:\/\/flyforfun.at\/wp-content\/uploads\/2023\/04\/flyforfun_grau.webp","width":1175,"height":1189,"caption":"FlyForFun Salzburg"},"image":{"@id":"https:\/\/flyforfun.at\/#\/schema\/logo\/image\/"},"sameAs":["https:\/\/www.facebook.com\/FlyForFunSalzburg"]}]}},"_links":{"self":[{"href":"https:\/\/flyforfun.at\/en\/wp-json\/wp\/v2\/product\/34343","targetHints":{"allow":["GET"]}}],"collection":[{"href":"https:\/\/flyforfun.at\/en\/wp-json\/wp\/v2\/product"}],"about":[{"href":"https:\/\/flyforfun.at\/en\/wp-json\/wp\/v2\/types\/product"}],"replies":[{"embeddable":true,"href":"https:\/\/flyforfun.at\/en\/wp-json\/wp\/v2\/comments?post=34343"}],"version-history":[{"count":2,"href":"https:\/\/flyforfun.at\/en\/wp-json\/wp\/v2\/product\/34343\/revisions"}],"predecessor-version":[{"id":34689,"href":"https:\/\/flyforfun.at\/en\/wp-json\/wp\/v2\/product\/34343\/revisions\/34689"}],"wp:featuredmedia":[{"embeddable":true,"href":"https:\/\/flyforfun.at\/en\/wp-json\/wp\/v2\/media\/34719"}],"wp:attachment":[{"href":"https:\/\/flyforfun.at\/en\/wp-json\/wp\/v2\/media?parent=34343"}],"wp:term":[{"taxonomy":"product_brand","embeddable":true,"href":"https:\/\/flyforfun.at\/en\/wp-json\/wp\/v2\/product_brand?post=34343"},{"taxonomy":"product_cat","embeddable":true,"href":"https:\/\/flyforfun.at\/en\/wp-json\/wp\/v2\/product_cat?post=34343"},{"taxonomy":"product_tag","embeddable":true,"href":"https:\/\/flyforfun.at\/en\/wp-json\/wp\/v2\/product_tag?post=34343"}],"curies":[{"name":"wp","href":"https:\/\/api.w.org\/{rel}","templated":true}]}}