{"id":34332,"date":"2025-09-28T10:41:45","date_gmt":"2025-09-28T08:41:45","guid":{"rendered":"https:\/\/flyforfun.at\/?post_type=product&#038;p=34332"},"modified":"2025-12-20T21:43:06","modified_gmt":"2025-12-20T20:43:06","slug":"jahresmitgliedschaft-ticket-2026","status":"publish","type":"product","link":"https:\/\/flyforfun.at\/en\/store\/ticket\/jahresticket-365tage\/jahresmitgliedschaft-ticket-2026\/","title":{"rendered":"Jahresmitgliedschaft \/ Ticket 2026"},"content":{"rendered":"","protected":false},"excerpt":{"rendered":"<h5><strong>Jahresmitgliedschaft \/ Ticket 2026 f\u00fcr das Fluggebiet Gaisberg<br \/>\n<\/strong><span style=\"font-weight: 400;\">inklusive FlyForFun Clubmitgliedschaft<br \/>\nG\u00fcltig ab sofort bis 31.12.2026<\/span><\/h5>\n<p><strong><br \/>\nInhalt<\/strong><\/p>\n<ul>\n<li><span style=\"font-weight: 400;\">Jahresticket f\u00fcr das Fluggebiet Gaisberg<\/span><\/li>\n<li><span style=\"color: #ff6600;\"><a style=\"color: #ff6600;\" href=\"https:\/\/flyforfun.at\/club\/mitglied-werden\/\" target=\"_blank\" rel=\"noopener\"><span style=\"font-weight: 400;\">FlyForFun Clubmember bis 31.12.2026 &#8211; ohne Bindung<\/span><\/a><\/span><\/li>\n<li><span style=\"font-weight: 400;\">Tolle Community mit zahlreichen Teams<\/span><\/li>\n<li><span style=\"font-weight: 400;\">Exklusive Events, Trainings &amp; Aktionen f\u00fcr Clubmembers<\/span><\/li>\n<li><span style=\"font-weight: 400;\">Wetterservice mit Livestream<\/span><\/li>\n<li><span style=\"font-weight: 400;\"><span style=\"font-weight: 400;\">Parken auf Club-Parkpl\u00e4tzen<\/span><\/span><\/li>\n<\/ul>\n<p><strong>Wichtige Hinweise<\/strong><\/p>\n<ul>\n<li>G\u00fcltig f\u00fcr 1 Person (Pilot*in). Ticket nicht \u00fcbertragbar.<\/li>\n<li>Bei Tandemfl\u00fcgen ben\u00f6tigt Dein Passagier ein eigenes Tandem-Tages-, Wochen- oder Jahresticket.<\/li>\n<li>Wenn du am Gaisberg fliegst, erkl\u00e4rst du dich mit unserer Flugordnung einverstanden!<\/li>\n<li>Preis umsatzsteuerfrei (gemeinn\u00fctziger Sportverein).<\/li>\n<li>Es gelten die <span style=\"color: #ff6600;\"><span style=\"color: #ff6600;\"><a style=\"color: #ff6600;\" href=\"https:\/\/flyforfun.at\/allgemeine-geschaeftsbedingungen\/\" target=\"_blank\" rel=\"noopener\">FlyForFun AGB.<\/a><\/span><\/span><\/li>\n<\/ul>\n","protected":false},"featured_media":34721,"comment_status":"closed","ping_status":"closed","template":"","meta":{"_acf_changed":false,"site-sidebar-layout":"default","site-content-layout":"default","ast-site-content-layout":"default","site-content-style":"default","site-sidebar-style":"default","ast-global-header-display":"","ast-banner-title-visibility":"","ast-main-header-display":"","ast-hfb-above-header-display":"","ast-hfb-below-header-display":"","ast-hfb-mobile-header-display":"","site-post-title":"","ast-breadcrumbs-content":"","ast-featured-img":"","footer-sml-layout":"","theme-transparent-header-meta":"default","adv-header-id-meta":"","stick-header-meta":"","header-above-stick-meta":"","header-main-stick-meta":"","header-below-stick-meta":"","astra-migrate-meta-layouts":"set","ast-page-background-enabled":"default","ast-page-background-meta":{"desktop":{"background-color":"","background-image":"","background-repeat":"repeat","background-position":"center center","background-size":"auto","background-attachment":"scroll","background-type":"","background-media":"","overlay-type":"","overlay-color":"","overlay-opacity":"","overlay-gradient":""},"tablet":{"background-color":"","background-image":"","background-repeat":"repeat","background-position":"center center","background-size":"auto","background-attachment":"scroll","background-type":"","background-media":"","overlay-type":"","overlay-color":"","overlay-opacity":"","overlay-gradient":""},"mobile":{"background-color":"","background-image":"","background-repeat":"repeat","background-position":"center center","background-size":"auto","background-attachment":"scroll","background-type":"","background-media":"","overlay-type":"","overlay-color":"","overlay-opacity":"","overlay-gradient":""}},"ast-content-background-meta":{"desktop":{"background-color":"var(--ast-global-color-5)","background-image":"","background-repeat":"repeat","background-position":"center center","background-size":"auto","background-attachment":"scroll","background-type":"","background-media":"","overlay-type":"","overlay-color":"","overlay-opacity":"","overlay-gradient":""},"tablet":{"background-color":"var(--ast-global-color-5)","background-image":"","background-repeat":"repeat","background-position":"center center","background-size":"auto","background-attachment":"scroll","background-type":"","background-media":"","overlay-type":"","overlay-color":"","overlay-opacity":"","overlay-gradient":""},"mobile":{"background-color":"var(--ast-global-color-5)","background-image":"","background-repeat":"repeat","background-position":"center center","background-size":"auto","background-attachment":"scroll","background-type":"","background-media":"","overlay-type":"","overlay-color":"","overlay-opacity":"","overlay-gradient":""}}},"product_brand":[],"product_cat":[127,61,116],"product_tag":[104,106,105],"class_list":{"0":"post-34332","1":"product","2":"type-product","3":"status-publish","4":"has-post-thumbnail","6":"product_cat-flyforfunmember","7":"product_cat-jahresticket-365tage","8":"product_cat-ticket","9":"product_tag-flyforfun","10":"product_tag-gaisberg","11":"product_tag-jahresticket","12":"desktop-align-left","13":"tablet-align-left","14":"mobile-align-left","16":"first","17":"instock","18":"virtual","19":"sold-individually","20":"purchasable","21":"product-type-simple"},"acf":[],"yoast_head":"<!-- This site is optimized with the Yoast SEO plugin v27.3 - https:\/\/yoast.com\/product\/yoast-seo-wordpress\/ -->\n<title>Jahresmitgliedschaft \/ Ticket 2026 - FlyForFun Salzburg<\/title>\n<meta name=\"description\" content=\"Gaisberg Jahresticket 2026 (inklusive FlyForFun Clubmitgliedschaft) mit vielen Vorteilen wie exklusive Clubevents und Aktionen.\" \/>\n<meta name=\"robots\" content=\"index, follow, max-snippet:-1, max-image-preview:large, max-video-preview:-1\" \/>\n<link rel=\"canonical\" href=\"https:\/\/flyforfun.at\/store\/ticket\/jahresticket-365tage\/jahresmitgliedschaft-ticket-2026\/\" \/>\n<meta property=\"og:locale\" content=\"en_US\" \/>\n<meta property=\"og:type\" content=\"article\" \/>\n<meta property=\"og:title\" content=\"Jahresmitgliedschaft \/ Ticket 2026 - FlyForFun Salzburg\" \/>\n<meta property=\"og:description\" content=\"Gaisberg Jahresticket 2026 (inklusive FlyForFun Clubmitgliedschaft) mit vielen Vorteilen wie exklusive Clubevents und Aktionen.\" \/>\n<meta property=\"og:url\" content=\"https:\/\/flyforfun.at\/store\/ticket\/jahresticket-365tage\/jahresmitgliedschaft-ticket-2026\/\" \/>\n<meta property=\"og:site_name\" content=\"FlyForFun Salzburg\" \/>\n<meta property=\"article:publisher\" content=\"https:\/\/www.facebook.com\/FlyForFunSalzburg\" \/>\n<meta property=\"article:modified_time\" content=\"2025-12-20T20:43:06+00:00\" \/>\n<meta property=\"og:image\" content=\"https:\/\/flyforfun.at\/wp-content\/uploads\/2025\/09\/Jahresticket_Pilot-2026.jpg\" \/>\n\t<meta property=\"og:image:width\" content=\"600\" \/>\n\t<meta property=\"og:image:height\" content=\"914\" \/>\n\t<meta property=\"og:image:type\" content=\"image\/jpeg\" \/>\n<meta name=\"twitter:card\" content=\"summary_large_image\" \/>\n<meta name=\"twitter:label1\" content=\"Est. reading time\" \/>\n\t<meta name=\"twitter:data1\" content=\"1 minute\" \/>\n<script type=\"application\/ld+json\" class=\"yoast-schema-graph\">{\"@context\":\"https:\\\/\\\/schema.org\",\"@graph\":[{\"@type\":\"WebPage\",\"@id\":\"https:\\\/\\\/flyforfun.at\\\/store\\\/ticket\\\/jahresticket-365tage\\\/jahresmitgliedschaft-ticket-2026\\\/\",\"url\":\"https:\\\/\\\/flyforfun.at\\\/store\\\/ticket\\\/jahresticket-365tage\\\/jahresmitgliedschaft-ticket-2026\\\/\",\"name\":\"Jahresmitgliedschaft \\\/ Ticket 2026 - FlyForFun Salzburg\",\"isPartOf\":{\"@id\":\"https:\\\/\\\/flyforfun.at\\\/#website\"},\"primaryImageOfPage\":{\"@id\":\"https:\\\/\\\/flyforfun.at\\\/store\\\/ticket\\\/jahresticket-365tage\\\/jahresmitgliedschaft-ticket-2026\\\/#primaryimage\"},\"image\":{\"@id\":\"https:\\\/\\\/flyforfun.at\\\/store\\\/ticket\\\/jahresticket-365tage\\\/jahresmitgliedschaft-ticket-2026\\\/#primaryimage\"},\"thumbnailUrl\":\"https:\\\/\\\/flyforfun.at\\\/wp-content\\\/uploads\\\/2025\\\/09\\\/Jahresticket_Pilot-2026.jpg\",\"datePublished\":\"2025-09-28T08:41:45+00:00\",\"dateModified\":\"2025-12-20T20:43:06+00:00\",\"description\":\"Gaisberg Jahresticket 2026 (inklusive FlyForFun Clubmitgliedschaft) mit vielen Vorteilen wie exklusive Clubevents und Aktionen.\",\"breadcrumb\":{\"@id\":\"https:\\\/\\\/flyforfun.at\\\/store\\\/ticket\\\/jahresticket-365tage\\\/jahresmitgliedschaft-ticket-2026\\\/#breadcrumb\"},\"inLanguage\":\"en-US\",\"potentialAction\":[{\"@type\":\"ReadAction\",\"target\":[\"https:\\\/\\\/flyforfun.at\\\/store\\\/ticket\\\/jahresticket-365tage\\\/jahresmitgliedschaft-ticket-2026\\\/\"]}]},{\"@type\":\"ImageObject\",\"inLanguage\":\"en-US\",\"@id\":\"https:\\\/\\\/flyforfun.at\\\/store\\\/ticket\\\/jahresticket-365tage\\\/jahresmitgliedschaft-ticket-2026\\\/#primaryimage\",\"url\":\"https:\\\/\\\/flyforfun.at\\\/wp-content\\\/uploads\\\/2025\\\/09\\\/Jahresticket_Pilot-2026.jpg\",\"contentUrl\":\"https:\\\/\\\/flyforfun.at\\\/wp-content\\\/uploads\\\/2025\\\/09\\\/Jahresticket_Pilot-2026.jpg\",\"width\":600,\"height\":914},{\"@type\":\"BreadcrumbList\",\"@id\":\"https:\\\/\\\/flyforfun.at\\\/store\\\/ticket\\\/jahresticket-365tage\\\/jahresmitgliedschaft-ticket-2026\\\/#breadcrumb\",\"itemListElement\":[{\"@type\":\"ListItem\",\"position\":1,\"name\":\"Startseite\",\"item\":\"https:\\\/\\\/flyforfun.at\\\/en\\\/flyforfun-salzburg\\\/\"},{\"@type\":\"ListItem\",\"position\":2,\"name\":\"Fly For Fun Shop\",\"item\":\"https:\\\/\\\/flyforfun.at\\\/store\\\/\"},{\"@type\":\"ListItem\",\"position\":3,\"name\":\"Jahresmitgliedschaft \\\/ Ticket 2026\"}]},{\"@type\":\"WebSite\",\"@id\":\"https:\\\/\\\/flyforfun.at\\\/#website\",\"url\":\"https:\\\/\\\/flyforfun.at\\\/\",\"name\":\"FlyForFun Salzburg\",\"description\":\"Paragleiten und Drachenfliegen am Gaisberg\",\"publisher\":{\"@id\":\"https:\\\/\\\/flyforfun.at\\\/#organization\"},\"potentialAction\":[{\"@type\":\"SearchAction\",\"target\":{\"@type\":\"EntryPoint\",\"urlTemplate\":\"https:\\\/\\\/flyforfun.at\\\/?s={search_term_string}\"},\"query-input\":{\"@type\":\"PropertyValueSpecification\",\"valueRequired\":true,\"valueName\":\"search_term_string\"}}],\"inLanguage\":\"en-US\"},{\"@type\":\"Organization\",\"@id\":\"https:\\\/\\\/flyforfun.at\\\/#organization\",\"name\":\"FlyForFun Salzburg\",\"url\":\"https:\\\/\\\/flyforfun.at\\\/\",\"logo\":{\"@type\":\"ImageObject\",\"inLanguage\":\"en-US\",\"@id\":\"https:\\\/\\\/flyforfun.at\\\/#\\\/schema\\\/logo\\\/image\\\/\",\"url\":\"https:\\\/\\\/flyforfun.at\\\/wp-content\\\/uploads\\\/2023\\\/04\\\/flyforfun_grau.webp\",\"contentUrl\":\"https:\\\/\\\/flyforfun.at\\\/wp-content\\\/uploads\\\/2023\\\/04\\\/flyforfun_grau.webp\",\"width\":1175,\"height\":1189,\"caption\":\"FlyForFun Salzburg\"},\"image\":{\"@id\":\"https:\\\/\\\/flyforfun.at\\\/#\\\/schema\\\/logo\\\/image\\\/\"},\"sameAs\":[\"https:\\\/\\\/www.facebook.com\\\/FlyForFunSalzburg\"]}]}<\/script>\n<!-- \/ Yoast SEO plugin. -->","yoast_head_json":{"title":"Jahresmitgliedschaft \/ Ticket 2026 - FlyForFun Salzburg","description":"Gaisberg Jahresticket 2026 (inklusive FlyForFun Clubmitgliedschaft) mit vielen Vorteilen wie exklusive Clubevents und Aktionen.","robots":{"index":"index","follow":"follow","max-snippet":"max-snippet:-1","max-image-preview":"max-image-preview:large","max-video-preview":"max-video-preview:-1"},"canonical":"https:\/\/flyforfun.at\/store\/ticket\/jahresticket-365tage\/jahresmitgliedschaft-ticket-2026\/","og_locale":"en_US","og_type":"article","og_title":"Jahresmitgliedschaft \/ Ticket 2026 - FlyForFun Salzburg","og_description":"Gaisberg Jahresticket 2026 (inklusive FlyForFun Clubmitgliedschaft) mit vielen Vorteilen wie exklusive Clubevents und Aktionen.","og_url":"https:\/\/flyforfun.at\/store\/ticket\/jahresticket-365tage\/jahresmitgliedschaft-ticket-2026\/","og_site_name":"FlyForFun Salzburg","article_publisher":"https:\/\/www.facebook.com\/FlyForFunSalzburg","article_modified_time":"2025-12-20T20:43:06+00:00","og_image":[{"width":600,"height":914,"url":"https:\/\/flyforfun.at\/wp-content\/uploads\/2025\/09\/Jahresticket_Pilot-2026.jpg","type":"image\/jpeg"}],"twitter_card":"summary_large_image","twitter_misc":{"Est. reading time":"1 minute"},"schema":{"@context":"https:\/\/schema.org","@graph":[{"@type":"WebPage","@id":"https:\/\/flyforfun.at\/store\/ticket\/jahresticket-365tage\/jahresmitgliedschaft-ticket-2026\/","url":"https:\/\/flyforfun.at\/store\/ticket\/jahresticket-365tage\/jahresmitgliedschaft-ticket-2026\/","name":"Jahresmitgliedschaft \/ Ticket 2026 - FlyForFun Salzburg","isPartOf":{"@id":"https:\/\/flyforfun.at\/#website"},"primaryImageOfPage":{"@id":"https:\/\/flyforfun.at\/store\/ticket\/jahresticket-365tage\/jahresmitgliedschaft-ticket-2026\/#primaryimage"},"image":{"@id":"https:\/\/flyforfun.at\/store\/ticket\/jahresticket-365tage\/jahresmitgliedschaft-ticket-2026\/#primaryimage"},"thumbnailUrl":"https:\/\/flyforfun.at\/wp-content\/uploads\/2025\/09\/Jahresticket_Pilot-2026.jpg","datePublished":"2025-09-28T08:41:45+00:00","dateModified":"2025-12-20T20:43:06+00:00","description":"Gaisberg Jahresticket 2026 (inklusive FlyForFun Clubmitgliedschaft) mit vielen Vorteilen wie exklusive Clubevents und Aktionen.","breadcrumb":{"@id":"https:\/\/flyforfun.at\/store\/ticket\/jahresticket-365tage\/jahresmitgliedschaft-ticket-2026\/#breadcrumb"},"inLanguage":"en-US","potentialAction":[{"@type":"ReadAction","target":["https:\/\/flyforfun.at\/store\/ticket\/jahresticket-365tage\/jahresmitgliedschaft-ticket-2026\/"]}]},{"@type":"ImageObject","inLanguage":"en-US","@id":"https:\/\/flyforfun.at\/store\/ticket\/jahresticket-365tage\/jahresmitgliedschaft-ticket-2026\/#primaryimage","url":"https:\/\/flyforfun.at\/wp-content\/uploads\/2025\/09\/Jahresticket_Pilot-2026.jpg","contentUrl":"https:\/\/flyforfun.at\/wp-content\/uploads\/2025\/09\/Jahresticket_Pilot-2026.jpg","width":600,"height":914},{"@type":"BreadcrumbList","@id":"https:\/\/flyforfun.at\/store\/ticket\/jahresticket-365tage\/jahresmitgliedschaft-ticket-2026\/#breadcrumb","itemListElement":[{"@type":"ListItem","position":1,"name":"Startseite","item":"https:\/\/flyforfun.at\/en\/flyforfun-salzburg\/"},{"@type":"ListItem","position":2,"name":"Fly For Fun Shop","item":"https:\/\/flyforfun.at\/store\/"},{"@type":"ListItem","position":3,"name":"Jahresmitgliedschaft \/ Ticket 2026"}]},{"@type":"WebSite","@id":"https:\/\/flyforfun.at\/#website","url":"https:\/\/flyforfun.at\/","name":"FlyForFun Salzburg","description":"Paragleiten und Drachenfliegen am Gaisberg","publisher":{"@id":"https:\/\/flyforfun.at\/#organization"},"potentialAction":[{"@type":"SearchAction","target":{"@type":"EntryPoint","urlTemplate":"https:\/\/flyforfun.at\/?s={search_term_string}"},"query-input":{"@type":"PropertyValueSpecification","valueRequired":true,"valueName":"search_term_string"}}],"inLanguage":"en-US"},{"@type":"Organization","@id":"https:\/\/flyforfun.at\/#organization","name":"FlyForFun Salzburg","url":"https:\/\/flyforfun.at\/","logo":{"@type":"ImageObject","inLanguage":"en-US","@id":"https:\/\/flyforfun.at\/#\/schema\/logo\/image\/","url":"https:\/\/flyforfun.at\/wp-content\/uploads\/2023\/04\/flyforfun_grau.webp","contentUrl":"https:\/\/flyforfun.at\/wp-content\/uploads\/2023\/04\/flyforfun_grau.webp","width":1175,"height":1189,"caption":"FlyForFun Salzburg"},"image":{"@id":"https:\/\/flyforfun.at\/#\/schema\/logo\/image\/"},"sameAs":["https:\/\/www.facebook.com\/FlyForFunSalzburg"]}]}},"_links":{"self":[{"href":"https:\/\/flyforfun.at\/en\/wp-json\/wp\/v2\/product\/34332","targetHints":{"allow":["GET"]}}],"collection":[{"href":"https:\/\/flyforfun.at\/en\/wp-json\/wp\/v2\/product"}],"about":[{"href":"https:\/\/flyforfun.at\/en\/wp-json\/wp\/v2\/types\/product"}],"replies":[{"embeddable":true,"href":"https:\/\/flyforfun.at\/en\/wp-json\/wp\/v2\/comments?post=34332"}],"version-history":[{"count":2,"href":"https:\/\/flyforfun.at\/en\/wp-json\/wp\/v2\/product\/34332\/revisions"}],"predecessor-version":[{"id":34335,"href":"https:\/\/flyforfun.at\/en\/wp-json\/wp\/v2\/product\/34332\/revisions\/34335"}],"wp:featuredmedia":[{"embeddable":true,"href":"https:\/\/flyforfun.at\/en\/wp-json\/wp\/v2\/media\/34721"}],"wp:attachment":[{"href":"https:\/\/flyforfun.at\/en\/wp-json\/wp\/v2\/media?parent=34332"}],"wp:term":[{"taxonomy":"product_brand","embeddable":true,"href":"https:\/\/flyforfun.at\/en\/wp-json\/wp\/v2\/product_brand?post=34332"},{"taxonomy":"product_cat","embeddable":true,"href":"https:\/\/flyforfun.at\/en\/wp-json\/wp\/v2\/product_cat?post=34332"},{"taxonomy":"product_tag","embeddable":true,"href":"https:\/\/flyforfun.at\/en\/wp-json\/wp\/v2\/product_tag?post=34332"}],"curies":[{"name":"wp","href":"https:\/\/api.w.org\/{rel}","templated":true}]}}