{"id":24126,"date":"2023-06-09T00:24:13","date_gmt":"2023-06-08T22:24:13","guid":{"rendered":"https:\/\/flyforfun.at\/?post_type=product&#038;p=24126"},"modified":"2025-12-20T21:35:21","modified_gmt":"2025-12-20T20:35:21","slug":"kontrolltarif-schwarzflieger","status":"publish","type":"product","link":"https:\/\/flyforfun.at\/en\/store\/ticket\/erhoehtes-benutzungsentgelt\/kontrolltarif-schwarzflieger\/","title":{"rendered":"Kontrolltarif &#8211; Schwarzflieger"},"content":{"rendered":"<h5><strong>Erhaltung des Fluggebiets Gaisberg<\/strong><\/h5>\n<p>Der 1. Drachenflieger- und Paragleiterclub Salzburg (FlyForFun) bietet Dir als gemeinn\u00fctziger Flugsportverein und Erhalter des Fluggebiets Gaisberg ein erstklassiges Fluggebiet mit umfassenden Serviceleistungen:<\/p>\n<ul>\n<li>Gepflegte <span style=\"text-decoration: underline;\"><span style=\"color: #ff6600; text-decoration: underline;\"><a style=\"color: #ff6600; text-decoration: underline;\" href=\"https:\/\/flyforfun.at\/fluggebiet_gaisberg\/startwiesen\/\" target=\"_blank\" rel=\"noopener\">Startwiesen<\/a><\/span><\/span> und <a href=\"https:\/\/flyforfun.at\/fluggebiet_gaisberg\/landewiesen\/\" target=\"_blank\" rel=\"noopener\"><span style=\"text-decoration: underline;\"><span style=\"color: #ff6600; text-decoration: underline;\">Landewiesen<\/span><\/span><\/a> am Gaisberg<\/li>\n<li><span style=\"text-decoration: underline;\"><span style=\"color: #ff6600; text-decoration: underline;\"><a style=\"color: #ff6600; text-decoration: underline;\" href=\"https:\/\/flyforfun.at\/flugwetter\/\" target=\"_blank\" rel=\"noopener\">Umfangreicher, aktueller Wetterservice<\/a><\/span><\/span><\/li>\n<li>FANET Bodenstation<\/li>\n<li><span style=\"text-decoration: underline;\"><span style=\"color: #ff6600; text-decoration: underline;\"><a style=\"color: #ff6600; text-decoration: underline;\" href=\"https:\/\/flyforfun.at\/events\/\" target=\"_blank\" rel=\"noopener\">Zahlreiche Flugsportevents<\/a><\/span><\/span> f\u00fcr Clubmitglieder bzw. Gastpiloten<\/li>\n<li>Umfangreiche <span style=\"text-decoration: underline;\"><a href=\"https:\/\/flyforfun.at\/fluggebiet_gaisberg\/luftraum\/\" target=\"_blank\" rel=\"noopener\"><span style=\"color: #ff6600; text-decoration: underline;\">Luftrauminformationen<\/span><\/a><\/span> und <a href=\"https:\/\/flyforfun.at\/fluggebiet_gaisberg\/flugsicherheit\/\" target=\"_blank\" rel=\"noopener\"><span style=\"text-decoration: underline;\"><span style=\"color: #ff6600; text-decoration: underline;\">Sicherheitsinformationen<\/span><\/span><\/a> und vieles mehr<\/li>\n<\/ul>\n<h5><strong>Finanzierung unseres Fluggebiets<\/strong><\/h5>\n<p>Die laufenden Kosten des Fluggebiets und der Serviceleistungen werden durch Ticketerl\u00f6se und Spenden finanziert. Der Erwerb eines g\u00fcltigen Tickets ist daher Voraussetzung f\u00fcr die Nutzung des Fluggebiets als Pilot oder Tandempassagier.<\/p>\n<h5>Kontrolltarif &#8211; Schwarzflieger<\/h5>\n<p>Wenn du in unserem Fluggebiet <span style=\"text-decoration: underline;\">ohne g\u00fcltiges Ticket<\/span> von einem Gaisberg Ranger angetroffen wirst, hast Du jeweils einen <strong>Kontrolltarif f\u00fcr Schwarzflieger<\/strong> zu entrichten (<span style=\"text-decoration: underline;\">zus\u00e4tzlich<\/span> zum Erwerb eines <strong>regul\u00e4ren Flugticket<\/strong> f\u00fcr unser Fluggebiet). Du kannst den Kontrolltarif wahlweise vor Ort <span style=\"text-decoration: underline;\">in bar<\/span> beim kontrollierenden Gaisberg Ranger oder hier im Shop <span style=\"text-decoration: underline;\">online<\/span>\u00a0begleichen.<\/p>\n<p>Sei bitte zuk\u00fcnftig Fair zu deinen FlugkollegInnen, und kaufe dir vor Flugantritt ein g\u00fcltiges Ticket!<\/p>\n","protected":false},"excerpt":{"rendered":"<h3><strong>Zusatzgeb\u00fchr f\u00fcr Personen ohne Flugticket<\/strong><\/h3>\n<h5><strong>Fluggebiet Gaisberg<\/strong><\/h5>\n<h5><span style=\"font-weight: 400;\">G\u00fcltig f\u00fcr 1 Person am Tag der Ausstellung.<\/span><\/h5>\n<p>&nbsp;<\/p>\n<p><strong>Bestellhinweis<\/strong><\/p>\n<ul>\n<li><strong>Kontrolltarif<\/strong> <strong>f\u00fcr Schwarzflieger<\/strong> (Piloten oder Passagiere im Fluggebiet Gaisberg, die bei einer Kontrolle durch unsere Ranger ohne g\u00fcltiges Ticket angetroffen werden).<\/li>\n<li><strong>G\u00fcltig<\/strong> jeweils am Tag der Kontrolle. Nicht \u00fcbertragbar.<\/li>\n<li><span style=\"font-weight: 400;\"><strong>Regul\u00e4res Flugticket<\/strong>: F\u00fcr die Nutzung des Fluggebiets Gaisbergs ben\u00f6tigst Du zus\u00e4tzlich ein regul\u00e4res Tages-, Wochen- oder Jahresticket. <\/span>Bei Tandemfl\u00fcgen ben\u00f6tigen sowohl der Pilot als auch der Passagier jeweils 1 g\u00fcltiges Ticket.<\/li>\n<\/ul>\n<p><strong>Wichtige Hinweise<\/strong><\/p>\n<ul>\n<li>F\u00fcr die Nutzung des Fluggebiets Gaisberg gilt die <a href=\"https:\/\/flyforfun.at\/dokumente\/\" target=\"_blank\" rel=\"noopener\"><span style=\"text-decoration: underline;\"><span style=\"color: #ff6600; text-decoration: underline;\">FlyForFun Flugordnung<\/span><\/span>.<\/a><\/li>\n<li>Preis umsatzsteuerfrei (gemeinn\u00fctziger Sportverein).<\/li>\n<li>F\u00fcr den Shop gelten die <span style=\"color: #ff6600;\"><a style=\"color: #ff6600;\" href=\"https:\/\/flyforfun.at\/allgemeine-geschaeftsbedingungen\/\" target=\"_blank\" rel=\"noopener\"><span style=\"text-decoration: underline;\">FlyForFun AGB<\/span>.<\/a><\/span><\/li>\n<\/ul>\n","protected":false},"featured_media":34725,"comment_status":"closed","ping_status":"closed","template":"","meta":{"_acf_changed":false,"site-sidebar-layout":"default","site-content-layout":"default","ast-site-content-layout":"default","site-content-style":"default","site-sidebar-style":"default","ast-global-header-display":"","ast-banner-title-visibility":"","ast-main-header-display":"","ast-hfb-above-header-display":"","ast-hfb-below-header-display":"","ast-hfb-mobile-header-display":"","site-post-title":"","ast-breadcrumbs-content":"","ast-featured-img":"","footer-sml-layout":"","theme-transparent-header-meta":"default","adv-header-id-meta":"","stick-header-meta":"","header-above-stick-meta":"","header-main-stick-meta":"","header-below-stick-meta":"","astra-migrate-meta-layouts":"set","ast-page-background-enabled":"default","ast-page-background-meta":{"desktop":{"background-color":"","background-image":"","background-repeat":"repeat","background-position":"center center","background-size":"auto","background-attachment":"scroll","background-type":"","background-media":"","overlay-type":"","overlay-color":"","overlay-opacity":"","overlay-gradient":""},"tablet":{"background-color":"","background-image":"","background-repeat":"repeat","background-position":"center center","background-size":"auto","background-attachment":"scroll","background-type":"","background-media":"","overlay-type":"","overlay-color":"","overlay-opacity":"","overlay-gradient":""},"mobile":{"background-color":"","background-image":"","background-repeat":"repeat","background-position":"center center","background-size":"auto","background-attachment":"scroll","background-type":"","background-media":"","overlay-type":"","overlay-color":"","overlay-opacity":"","overlay-gradient":""}},"ast-content-background-meta":{"desktop":{"background-color":"var(--ast-global-color-5)","background-image":"","background-repeat":"repeat","background-position":"center center","background-size":"auto","background-attachment":"scroll","background-type":"","background-media":"","overlay-type":"","overlay-color":"","overlay-opacity":"","overlay-gradient":""},"tablet":{"background-color":"var(--ast-global-color-5)","background-image":"","background-repeat":"repeat","background-position":"center center","background-size":"auto","background-attachment":"scroll","background-type":"","background-media":"","overlay-type":"","overlay-color":"","overlay-opacity":"","overlay-gradient":""},"mobile":{"background-color":"var(--ast-global-color-5)","background-image":"","background-repeat":"repeat","background-position":"center center","background-size":"auto","background-attachment":"scroll","background-type":"","background-media":"","overlay-type":"","overlay-color":"","overlay-opacity":"","overlay-gradient":""}}},"product_brand":[],"product_cat":[285,116],"product_tag":[],"class_list":{"0":"post-24126","1":"product","2":"type-product","3":"status-publish","4":"has-post-thumbnail","6":"product_cat-erhoehtes-benutzungsentgelt","7":"product_cat-ticket","8":"desktop-align-left","9":"tablet-align-left","10":"mobile-align-left","12":"first","13":"instock","14":"shipping-taxable","15":"purchasable","16":"product-type-simple"},"acf":[],"yoast_head":"<!-- This site is optimized with the Yoast SEO plugin v27.3 - https:\/\/yoast.com\/product\/yoast-seo-wordpress\/ -->\n<title>Kontrolltarif - Schwarzflieger - FlyForFun Salzburg<\/title>\n<meta name=\"description\" content=\"Zus\u00e4tzlicher Kontrolltarif f\u00fcr Schwarzflieger (Pilot oder Passagier), die das Fluggebiet Gaisberg ohne g\u00fcltiges Ticket nutzen.\" \/>\n<meta name=\"robots\" content=\"index, follow, max-snippet:-1, max-image-preview:large, max-video-preview:-1\" \/>\n<link rel=\"canonical\" href=\"https:\/\/flyforfun.at\/store\/ticket\/erhoehtes-benutzungsentgelt\/kontrolltarif-schwarzflieger\/\" \/>\n<meta property=\"og:locale\" content=\"en_US\" \/>\n<meta property=\"og:type\" content=\"article\" \/>\n<meta property=\"og:title\" content=\"Kontrolltarif - Schwarzflieger - FlyForFun Salzburg\" \/>\n<meta property=\"og:description\" content=\"Zus\u00e4tzlicher Kontrolltarif f\u00fcr Schwarzflieger (Pilot oder Passagier), die das Fluggebiet Gaisberg ohne g\u00fcltiges Ticket nutzen.\" \/>\n<meta property=\"og:url\" content=\"https:\/\/flyforfun.at\/store\/ticket\/erhoehtes-benutzungsentgelt\/kontrolltarif-schwarzflieger\/\" \/>\n<meta property=\"og:site_name\" content=\"FlyForFun Salzburg\" \/>\n<meta property=\"article:publisher\" content=\"https:\/\/www.facebook.com\/FlyForFunSalzburg\" \/>\n<meta property=\"article:modified_time\" content=\"2025-12-20T20:35:21+00:00\" \/>\n<meta property=\"og:image\" content=\"https:\/\/flyforfun.at\/wp-content\/uploads\/2023\/06\/Kontrolltarif-Schwarzflieger.jpg\" \/>\n\t<meta property=\"og:image:width\" content=\"600\" \/>\n\t<meta property=\"og:image:height\" content=\"914\" \/>\n\t<meta property=\"og:image:type\" content=\"image\/jpeg\" \/>\n<meta name=\"twitter:card\" content=\"summary_large_image\" \/>\n<meta name=\"twitter:label1\" content=\"Est. reading time\" \/>\n\t<meta name=\"twitter:data1\" content=\"2 minutes\" \/>\n<script type=\"application\/ld+json\" class=\"yoast-schema-graph\">{\"@context\":\"https:\\\/\\\/schema.org\",\"@graph\":[{\"@type\":\"WebPage\",\"@id\":\"https:\\\/\\\/flyforfun.at\\\/store\\\/ticket\\\/erhoehtes-benutzungsentgelt\\\/kontrolltarif-schwarzflieger\\\/\",\"url\":\"https:\\\/\\\/flyforfun.at\\\/store\\\/ticket\\\/erhoehtes-benutzungsentgelt\\\/kontrolltarif-schwarzflieger\\\/\",\"name\":\"Kontrolltarif - Schwarzflieger - FlyForFun Salzburg\",\"isPartOf\":{\"@id\":\"https:\\\/\\\/flyforfun.at\\\/#website\"},\"primaryImageOfPage\":{\"@id\":\"https:\\\/\\\/flyforfun.at\\\/store\\\/ticket\\\/erhoehtes-benutzungsentgelt\\\/kontrolltarif-schwarzflieger\\\/#primaryimage\"},\"image\":{\"@id\":\"https:\\\/\\\/flyforfun.at\\\/store\\\/ticket\\\/erhoehtes-benutzungsentgelt\\\/kontrolltarif-schwarzflieger\\\/#primaryimage\"},\"thumbnailUrl\":\"https:\\\/\\\/flyforfun.at\\\/wp-content\\\/uploads\\\/2023\\\/06\\\/Kontrolltarif-Schwarzflieger.jpg\",\"datePublished\":\"2023-06-08T22:24:13+00:00\",\"dateModified\":\"2025-12-20T20:35:21+00:00\",\"description\":\"Zus\u00e4tzlicher Kontrolltarif f\u00fcr Schwarzflieger (Pilot oder Passagier), die das Fluggebiet Gaisberg ohne g\u00fcltiges Ticket nutzen.\",\"breadcrumb\":{\"@id\":\"https:\\\/\\\/flyforfun.at\\\/store\\\/ticket\\\/erhoehtes-benutzungsentgelt\\\/kontrolltarif-schwarzflieger\\\/#breadcrumb\"},\"inLanguage\":\"en-US\",\"potentialAction\":[{\"@type\":\"ReadAction\",\"target\":[\"https:\\\/\\\/flyforfun.at\\\/store\\\/ticket\\\/erhoehtes-benutzungsentgelt\\\/kontrolltarif-schwarzflieger\\\/\"]}]},{\"@type\":\"ImageObject\",\"inLanguage\":\"en-US\",\"@id\":\"https:\\\/\\\/flyforfun.at\\\/store\\\/ticket\\\/erhoehtes-benutzungsentgelt\\\/kontrolltarif-schwarzflieger\\\/#primaryimage\",\"url\":\"https:\\\/\\\/flyforfun.at\\\/wp-content\\\/uploads\\\/2023\\\/06\\\/Kontrolltarif-Schwarzflieger.jpg\",\"contentUrl\":\"https:\\\/\\\/flyforfun.at\\\/wp-content\\\/uploads\\\/2023\\\/06\\\/Kontrolltarif-Schwarzflieger.jpg\",\"width\":600,\"height\":914},{\"@type\":\"BreadcrumbList\",\"@id\":\"https:\\\/\\\/flyforfun.at\\\/store\\\/ticket\\\/erhoehtes-benutzungsentgelt\\\/kontrolltarif-schwarzflieger\\\/#breadcrumb\",\"itemListElement\":[{\"@type\":\"ListItem\",\"position\":1,\"name\":\"Startseite\",\"item\":\"https:\\\/\\\/flyforfun.at\\\/en\\\/flyforfun-salzburg\\\/\"},{\"@type\":\"ListItem\",\"position\":2,\"name\":\"Fly For Fun Shop\",\"item\":\"https:\\\/\\\/flyforfun.at\\\/store\\\/\"},{\"@type\":\"ListItem\",\"position\":3,\"name\":\"Kontrolltarif &#8211; Schwarzflieger\"}]},{\"@type\":\"WebSite\",\"@id\":\"https:\\\/\\\/flyforfun.at\\\/#website\",\"url\":\"https:\\\/\\\/flyforfun.at\\\/\",\"name\":\"FlyForFun Salzburg\",\"description\":\"Paragleiten und Drachenfliegen am Gaisberg\",\"publisher\":{\"@id\":\"https:\\\/\\\/flyforfun.at\\\/#organization\"},\"potentialAction\":[{\"@type\":\"SearchAction\",\"target\":{\"@type\":\"EntryPoint\",\"urlTemplate\":\"https:\\\/\\\/flyforfun.at\\\/?s={search_term_string}\"},\"query-input\":{\"@type\":\"PropertyValueSpecification\",\"valueRequired\":true,\"valueName\":\"search_term_string\"}}],\"inLanguage\":\"en-US\"},{\"@type\":\"Organization\",\"@id\":\"https:\\\/\\\/flyforfun.at\\\/#organization\",\"name\":\"FlyForFun Salzburg\",\"url\":\"https:\\\/\\\/flyforfun.at\\\/\",\"logo\":{\"@type\":\"ImageObject\",\"inLanguage\":\"en-US\",\"@id\":\"https:\\\/\\\/flyforfun.at\\\/#\\\/schema\\\/logo\\\/image\\\/\",\"url\":\"https:\\\/\\\/flyforfun.at\\\/wp-content\\\/uploads\\\/2023\\\/04\\\/flyforfun_grau.webp\",\"contentUrl\":\"https:\\\/\\\/flyforfun.at\\\/wp-content\\\/uploads\\\/2023\\\/04\\\/flyforfun_grau.webp\",\"width\":1175,\"height\":1189,\"caption\":\"FlyForFun Salzburg\"},\"image\":{\"@id\":\"https:\\\/\\\/flyforfun.at\\\/#\\\/schema\\\/logo\\\/image\\\/\"},\"sameAs\":[\"https:\\\/\\\/www.facebook.com\\\/FlyForFunSalzburg\"]}]}<\/script>\n<!-- \/ Yoast SEO plugin. -->","yoast_head_json":{"title":"Kontrolltarif - Schwarzflieger - FlyForFun Salzburg","description":"Zus\u00e4tzlicher Kontrolltarif f\u00fcr Schwarzflieger (Pilot oder Passagier), die das Fluggebiet Gaisberg ohne g\u00fcltiges Ticket nutzen.","robots":{"index":"index","follow":"follow","max-snippet":"max-snippet:-1","max-image-preview":"max-image-preview:large","max-video-preview":"max-video-preview:-1"},"canonical":"https:\/\/flyforfun.at\/store\/ticket\/erhoehtes-benutzungsentgelt\/kontrolltarif-schwarzflieger\/","og_locale":"en_US","og_type":"article","og_title":"Kontrolltarif - Schwarzflieger - FlyForFun Salzburg","og_description":"Zus\u00e4tzlicher Kontrolltarif f\u00fcr Schwarzflieger (Pilot oder Passagier), die das Fluggebiet Gaisberg ohne g\u00fcltiges Ticket nutzen.","og_url":"https:\/\/flyforfun.at\/store\/ticket\/erhoehtes-benutzungsentgelt\/kontrolltarif-schwarzflieger\/","og_site_name":"FlyForFun Salzburg","article_publisher":"https:\/\/www.facebook.com\/FlyForFunSalzburg","article_modified_time":"2025-12-20T20:35:21+00:00","og_image":[{"width":600,"height":914,"url":"https:\/\/flyforfun.at\/wp-content\/uploads\/2023\/06\/Kontrolltarif-Schwarzflieger.jpg","type":"image\/jpeg"}],"twitter_card":"summary_large_image","twitter_misc":{"Est. reading time":"2 minutes"},"schema":{"@context":"https:\/\/schema.org","@graph":[{"@type":"WebPage","@id":"https:\/\/flyforfun.at\/store\/ticket\/erhoehtes-benutzungsentgelt\/kontrolltarif-schwarzflieger\/","url":"https:\/\/flyforfun.at\/store\/ticket\/erhoehtes-benutzungsentgelt\/kontrolltarif-schwarzflieger\/","name":"Kontrolltarif - Schwarzflieger - FlyForFun Salzburg","isPartOf":{"@id":"https:\/\/flyforfun.at\/#website"},"primaryImageOfPage":{"@id":"https:\/\/flyforfun.at\/store\/ticket\/erhoehtes-benutzungsentgelt\/kontrolltarif-schwarzflieger\/#primaryimage"},"image":{"@id":"https:\/\/flyforfun.at\/store\/ticket\/erhoehtes-benutzungsentgelt\/kontrolltarif-schwarzflieger\/#primaryimage"},"thumbnailUrl":"https:\/\/flyforfun.at\/wp-content\/uploads\/2023\/06\/Kontrolltarif-Schwarzflieger.jpg","datePublished":"2023-06-08T22:24:13+00:00","dateModified":"2025-12-20T20:35:21+00:00","description":"Zus\u00e4tzlicher Kontrolltarif f\u00fcr Schwarzflieger (Pilot oder Passagier), die das Fluggebiet Gaisberg ohne g\u00fcltiges Ticket nutzen.","breadcrumb":{"@id":"https:\/\/flyforfun.at\/store\/ticket\/erhoehtes-benutzungsentgelt\/kontrolltarif-schwarzflieger\/#breadcrumb"},"inLanguage":"en-US","potentialAction":[{"@type":"ReadAction","target":["https:\/\/flyforfun.at\/store\/ticket\/erhoehtes-benutzungsentgelt\/kontrolltarif-schwarzflieger\/"]}]},{"@type":"ImageObject","inLanguage":"en-US","@id":"https:\/\/flyforfun.at\/store\/ticket\/erhoehtes-benutzungsentgelt\/kontrolltarif-schwarzflieger\/#primaryimage","url":"https:\/\/flyforfun.at\/wp-content\/uploads\/2023\/06\/Kontrolltarif-Schwarzflieger.jpg","contentUrl":"https:\/\/flyforfun.at\/wp-content\/uploads\/2023\/06\/Kontrolltarif-Schwarzflieger.jpg","width":600,"height":914},{"@type":"BreadcrumbList","@id":"https:\/\/flyforfun.at\/store\/ticket\/erhoehtes-benutzungsentgelt\/kontrolltarif-schwarzflieger\/#breadcrumb","itemListElement":[{"@type":"ListItem","position":1,"name":"Startseite","item":"https:\/\/flyforfun.at\/en\/flyforfun-salzburg\/"},{"@type":"ListItem","position":2,"name":"Fly For Fun Shop","item":"https:\/\/flyforfun.at\/store\/"},{"@type":"ListItem","position":3,"name":"Kontrolltarif &#8211; Schwarzflieger"}]},{"@type":"WebSite","@id":"https:\/\/flyforfun.at\/#website","url":"https:\/\/flyforfun.at\/","name":"FlyForFun Salzburg","description":"Paragleiten und Drachenfliegen am Gaisberg","publisher":{"@id":"https:\/\/flyforfun.at\/#organization"},"potentialAction":[{"@type":"SearchAction","target":{"@type":"EntryPoint","urlTemplate":"https:\/\/flyforfun.at\/?s={search_term_string}"},"query-input":{"@type":"PropertyValueSpecification","valueRequired":true,"valueName":"search_term_string"}}],"inLanguage":"en-US"},{"@type":"Organization","@id":"https:\/\/flyforfun.at\/#organization","name":"FlyForFun Salzburg","url":"https:\/\/flyforfun.at\/","logo":{"@type":"ImageObject","inLanguage":"en-US","@id":"https:\/\/flyforfun.at\/#\/schema\/logo\/image\/","url":"https:\/\/flyforfun.at\/wp-content\/uploads\/2023\/04\/flyforfun_grau.webp","contentUrl":"https:\/\/flyforfun.at\/wp-content\/uploads\/2023\/04\/flyforfun_grau.webp","width":1175,"height":1189,"caption":"FlyForFun Salzburg"},"image":{"@id":"https:\/\/flyforfun.at\/#\/schema\/logo\/image\/"},"sameAs":["https:\/\/www.facebook.com\/FlyForFunSalzburg"]}]}},"_links":{"self":[{"href":"https:\/\/flyforfun.at\/en\/wp-json\/wp\/v2\/product\/24126","targetHints":{"allow":["GET"]}}],"collection":[{"href":"https:\/\/flyforfun.at\/en\/wp-json\/wp\/v2\/product"}],"about":[{"href":"https:\/\/flyforfun.at\/en\/wp-json\/wp\/v2\/types\/product"}],"replies":[{"embeddable":true,"href":"https:\/\/flyforfun.at\/en\/wp-json\/wp\/v2\/comments?post=24126"}],"version-history":[{"count":1,"href":"https:\/\/flyforfun.at\/en\/wp-json\/wp\/v2\/product\/24126\/revisions"}],"predecessor-version":[{"id":34359,"href":"https:\/\/flyforfun.at\/en\/wp-json\/wp\/v2\/product\/24126\/revisions\/34359"}],"wp:featuredmedia":[{"embeddable":true,"href":"https:\/\/flyforfun.at\/en\/wp-json\/wp\/v2\/media\/34725"}],"wp:attachment":[{"href":"https:\/\/flyforfun.at\/en\/wp-json\/wp\/v2\/media?parent=24126"}],"wp:term":[{"taxonomy":"product_brand","embeddable":true,"href":"https:\/\/flyforfun.at\/en\/wp-json\/wp\/v2\/product_brand?post=24126"},{"taxonomy":"product_cat","embeddable":true,"href":"https:\/\/flyforfun.at\/en\/wp-json\/wp\/v2\/product_cat?post=24126"},{"taxonomy":"product_tag","embeddable":true,"href":"https:\/\/flyforfun.at\/en\/wp-json\/wp\/v2\/product_tag?post=24126"}],"curies":[{"name":"wp","href":"https:\/\/api.w.org\/{rel}","templated":true}]}}