{"id":23948,"date":"2023-06-08T12:16:36","date_gmt":"2023-06-08T10:16:36","guid":{"rendered":"https:\/\/flyforfun.at\/?post_type=product&#038;p=23948"},"modified":"2026-03-05T16:36:33","modified_gmt":"2026-03-05T15:36:33","slug":"tagesticket-pilot","status":"publish","type":"product","link":"https:\/\/flyforfun.at\/en\/store\/ticket\/tagesticket-24h\/tagesticket-pilot\/","title":{"rendered":"Tagesticket &#8211; Pilot"},"content":{"rendered":"<h5><strong>Tipp: Jahresticket<\/strong><\/h5>\n<p>Falls du \u00f6fters im Jahr am Gaisberg fliegst, zahlt sich ein <span style=\"text-decoration: underline; color: #ff6600;\"><a style=\"color: #ff6600;\" href=\"https:\/\/flyforfun.at\/store\/ticket\/jahresticket-365tage\/jahresticket-flyforfun-2024\/\" target=\"_blank\" rel=\"noopener\"><strong>Jahresticket<\/strong><\/a><\/span> (inkl. Clubmitgliedschaft) aus.<\/p>\n<p>Neben einem Jahr Flugfreude am Gaisberg erh\u00e4ltst du dadurch einige wertvolle Mitgliedsvorteile<\/p>\n<ul>\n<li><strong>Exklusive Events und Trainings<\/strong> f\u00fcr Clubmitglieder (wie freies Groundhandling-Training, etc.)<\/li>\n<li><strong>Exklusive Club-Aktionen<\/strong> (wie erm\u00e4\u00dfigte Schirm- &amp; Retter-Checks, erm\u00e4\u00dfigte SIV-Trainings, erm\u00e4\u00dfigte AeroClub-Mitgliedschaft, etc.)<\/li>\n<li><strong>Community:<\/strong> Anschluss an Freunde und Gleichgesinnte mit Gaisbergflieger-Gruppe, Hike&amp;Fly-Team , XC-Team und Drachen-Team.<\/li>\n<\/ul>\n","protected":false},"excerpt":{"rendered":"<h3><strong>Flugticket f\u00fcr Piloten<\/strong><\/h3>\n<h5><strong>Fluggebiet Gaisberg<\/strong><\/h5>\n<h5><span style=\"font-weight: 400;\">G\u00fcltig f\u00fcr 1 Person am Tag des Erwerbs.<\/span><\/h5>\n<p>&nbsp;<\/p>\n<p><strong>Bestellhinweise<\/strong><\/p>\n<ul>\n<li><span style=\"font-weight: 400;\">Das <strong>Pilotenticket<\/strong> berechtigt 1 Piloten (Solopilot oder Tandempilot) zur Nutzung des Fluggebiets Gaisbergs am Tag des Erwerbs.<\/span><\/li>\n<li>Das Ticket hat auf den <strong>Namen des Piloten<\/strong> zu lauten und kann nicht auf andere Personen \u00fcbertragen werden.<\/li>\n<li>Bei <strong>Tandemfl\u00fcgen<\/strong> ben\u00f6tigen sowohl der Pilot als auch der Passagier jeweils 1 g\u00fcltiges Ticket.<\/li>\n<li><span style=\"font-weight: 400;\"><strong>Keine Sammelbestellung:<\/strong> Der Ticketkauf f\u00fcr <strong>mehrere Piloten<\/strong> bedarf jeweils einer separaten Bestellung pro Person.<\/span><\/li>\n<li><strong>Tandempiloten <\/strong>ben\u00f6tigen ein zus\u00e4tzliches <span style=\"text-decoration: underline; color: #ff6600;\"><a style=\"color: #ff6600; text-decoration: underline;\" href=\"https:\/\/flyforfun.at\/store\/ticket\/jahresticket-365tage\/jahresticket-tandem-2024\/\" target=\"_blank\" rel=\"noopener\">Tandempassagierticket<\/a><\/span> pro Passagier.<\/li>\n<\/ul>\n<p><strong>Wichtige Hinweise<\/strong><\/p>\n<ul>\n<li>Unser\u00a0<span style=\"text-decoration: underline;\"><span style=\"color: #ff6600; text-decoration: underline;\"><a style=\"color: #ff6600; text-decoration: underline;\" href=\"https:\/\/flyforfun.at\/gaisberg-ranger\/\" target=\"_blank\" rel=\"noopener\">Gaisberg Ranger Team<\/a><\/span><\/span>\u00a0kontrolliert vor Ort die Tickets und steht dir gerne mit Rat und Tat zur Seite.<\/li>\n<li>F\u00fcr die Nutzung des Fluggebiets Gaisberg gilt die <a href=\"https:\/\/flyforfun.at\/dokumente\/\" target=\"_blank\" rel=\"noopener\"><span style=\"text-decoration: underline;\"><span style=\"color: #ff6600; text-decoration: underline;\">FlyForFun Flugordnung<\/span><\/span>.<\/a><\/li>\n<li>Preis umsatzsteuerfrei (gemeinn\u00fctziger Sportverein).<\/li>\n<li>F\u00fcr den Shop gelten die <span style=\"color: #ff6600;\"><a style=\"color: #ff6600;\" href=\"https:\/\/flyforfun.at\/allgemeine-geschaeftsbedingungen\/\" target=\"_blank\" rel=\"noopener\"><span style=\"text-decoration: underline;\">FlyForFun AGB<\/span>.<\/a><\/span><\/li>\n<\/ul>\n","protected":false},"featured_media":34727,"comment_status":"closed","ping_status":"closed","template":"","meta":{"_acf_changed":false,"site-sidebar-layout":"default","site-content-layout":"default","ast-site-content-layout":"default","site-content-style":"default","site-sidebar-style":"default","ast-global-header-display":"","ast-banner-title-visibility":"","ast-main-header-display":"","ast-hfb-above-header-display":"","ast-hfb-below-header-display":"","ast-hfb-mobile-header-display":"","site-post-title":"","ast-breadcrumbs-content":"","ast-featured-img":"","footer-sml-layout":"","theme-transparent-header-meta":"default","adv-header-id-meta":"","stick-header-meta":"","header-above-stick-meta":"","header-main-stick-meta":"","header-below-stick-meta":"","astra-migrate-meta-layouts":"set","ast-page-background-enabled":"default","ast-page-background-meta":{"desktop":{"background-color":"","background-image":"","background-repeat":"repeat","background-position":"center center","background-size":"auto","background-attachment":"scroll","background-type":"","background-media":"","overlay-type":"","overlay-color":"","overlay-opacity":"","overlay-gradient":""},"tablet":{"background-color":"","background-image":"","background-repeat":"repeat","background-position":"center center","background-size":"auto","background-attachment":"scroll","background-type":"","background-media":"","overlay-type":"","overlay-color":"","overlay-opacity":"","overlay-gradient":""},"mobile":{"background-color":"","background-image":"","background-repeat":"repeat","background-position":"center center","background-size":"auto","background-attachment":"scroll","background-type":"","background-media":"","overlay-type":"","overlay-color":"","overlay-opacity":"","overlay-gradient":""}},"ast-content-background-meta":{"desktop":{"background-color":"var(--ast-global-color-5)","background-image":"","background-repeat":"repeat","background-position":"center center","background-size":"auto","background-attachment":"scroll","background-type":"","background-media":"","overlay-type":"","overlay-color":"","overlay-opacity":"","overlay-gradient":""},"tablet":{"background-color":"var(--ast-global-color-5)","background-image":"","background-repeat":"repeat","background-position":"center center","background-size":"auto","background-attachment":"scroll","background-type":"","background-media":"","overlay-type":"","overlay-color":"","overlay-opacity":"","overlay-gradient":""},"mobile":{"background-color":"var(--ast-global-color-5)","background-image":"","background-repeat":"repeat","background-position":"center center","background-size":"auto","background-attachment":"scroll","background-type":"","background-media":"","overlay-type":"","overlay-color":"","overlay-opacity":"","overlay-gradient":""}}},"product_brand":[],"product_cat":[60,116],"product_tag":[],"class_list":{"0":"post-23948","1":"product","2":"type-product","3":"status-publish","4":"has-post-thumbnail","6":"product_cat-tagesticket-24h","7":"product_cat-ticket","8":"desktop-align-left","9":"tablet-align-left","10":"mobile-align-left","12":"first","13":"instock","14":"shipping-taxable","15":"purchasable","16":"product-type-simple"},"acf":[],"yoast_head":"<!-- This site is optimized with the Yoast SEO plugin v27.3 - https:\/\/yoast.com\/product\/yoast-seo-wordpress\/ -->\n<title>Tagesticket - Pilot - FlyForFun Salzburg<\/title>\n<meta name=\"description\" content=\"Tagesticket f\u00fcr einen Piloten (Solo- oder Tandempilot) im Fluggebiet Gaisberg. G\u00fcltig f\u00fcr den Tag des Erwerbs. Nicht \u00fcbertragbar.\" \/>\n<meta name=\"robots\" content=\"index, follow, max-snippet:-1, max-image-preview:large, max-video-preview:-1\" \/>\n<link rel=\"canonical\" href=\"https:\/\/flyforfun.at\/store\/ticket\/tagesticket-24h\/tagesticket-pilot\/\" \/>\n<meta property=\"og:locale\" content=\"en_US\" \/>\n<meta property=\"og:type\" content=\"article\" \/>\n<meta property=\"og:title\" content=\"Tagesticket - Pilot - FlyForFun Salzburg\" \/>\n<meta property=\"og:description\" content=\"Tagesticket f\u00fcr einen Piloten (Solo- oder Tandempilot) im Fluggebiet Gaisberg. G\u00fcltig f\u00fcr den Tag des Erwerbs. Nicht \u00fcbertragbar.\" \/>\n<meta property=\"og:url\" content=\"https:\/\/flyforfun.at\/store\/ticket\/tagesticket-24h\/tagesticket-pilot\/\" \/>\n<meta property=\"og:site_name\" content=\"FlyForFun Salzburg\" \/>\n<meta property=\"article:publisher\" content=\"https:\/\/www.facebook.com\/FlyForFunSalzburg\" \/>\n<meta property=\"article:modified_time\" content=\"2026-03-05T15:36:33+00:00\" \/>\n<meta property=\"og:image\" content=\"https:\/\/flyforfun.at\/wp-content\/uploads\/2023\/06\/Tagesticket_Pilot.jpg\" \/>\n\t<meta property=\"og:image:width\" content=\"600\" \/>\n\t<meta property=\"og:image:height\" content=\"914\" \/>\n\t<meta property=\"og:image:type\" content=\"image\/jpeg\" \/>\n<meta name=\"twitter:card\" content=\"summary_large_image\" \/>\n<meta name=\"twitter:label1\" content=\"Est. reading time\" \/>\n\t<meta name=\"twitter:data1\" content=\"1 minute\" \/>\n<script type=\"application\/ld+json\" class=\"yoast-schema-graph\">{\"@context\":\"https:\\\/\\\/schema.org\",\"@graph\":[{\"@type\":\"WebPage\",\"@id\":\"https:\\\/\\\/flyforfun.at\\\/store\\\/ticket\\\/tagesticket-24h\\\/tagesticket-pilot\\\/\",\"url\":\"https:\\\/\\\/flyforfun.at\\\/store\\\/ticket\\\/tagesticket-24h\\\/tagesticket-pilot\\\/\",\"name\":\"Tagesticket - Pilot - FlyForFun Salzburg\",\"isPartOf\":{\"@id\":\"https:\\\/\\\/flyforfun.at\\\/#website\"},\"primaryImageOfPage\":{\"@id\":\"https:\\\/\\\/flyforfun.at\\\/store\\\/ticket\\\/tagesticket-24h\\\/tagesticket-pilot\\\/#primaryimage\"},\"image\":{\"@id\":\"https:\\\/\\\/flyforfun.at\\\/store\\\/ticket\\\/tagesticket-24h\\\/tagesticket-pilot\\\/#primaryimage\"},\"thumbnailUrl\":\"https:\\\/\\\/flyforfun.at\\\/wp-content\\\/uploads\\\/2023\\\/06\\\/Tagesticket_Pilot.jpg\",\"datePublished\":\"2023-06-08T10:16:36+00:00\",\"dateModified\":\"2026-03-05T15:36:33+00:00\",\"description\":\"Tagesticket f\u00fcr einen Piloten (Solo- oder Tandempilot) im Fluggebiet Gaisberg. G\u00fcltig f\u00fcr den Tag des Erwerbs. Nicht \u00fcbertragbar.\",\"breadcrumb\":{\"@id\":\"https:\\\/\\\/flyforfun.at\\\/store\\\/ticket\\\/tagesticket-24h\\\/tagesticket-pilot\\\/#breadcrumb\"},\"inLanguage\":\"en-US\",\"potentialAction\":[{\"@type\":\"ReadAction\",\"target\":[\"https:\\\/\\\/flyforfun.at\\\/store\\\/ticket\\\/tagesticket-24h\\\/tagesticket-pilot\\\/\"]}]},{\"@type\":\"ImageObject\",\"inLanguage\":\"en-US\",\"@id\":\"https:\\\/\\\/flyforfun.at\\\/store\\\/ticket\\\/tagesticket-24h\\\/tagesticket-pilot\\\/#primaryimage\",\"url\":\"https:\\\/\\\/flyforfun.at\\\/wp-content\\\/uploads\\\/2023\\\/06\\\/Tagesticket_Pilot.jpg\",\"contentUrl\":\"https:\\\/\\\/flyforfun.at\\\/wp-content\\\/uploads\\\/2023\\\/06\\\/Tagesticket_Pilot.jpg\",\"width\":600,\"height\":914},{\"@type\":\"BreadcrumbList\",\"@id\":\"https:\\\/\\\/flyforfun.at\\\/store\\\/ticket\\\/tagesticket-24h\\\/tagesticket-pilot\\\/#breadcrumb\",\"itemListElement\":[{\"@type\":\"ListItem\",\"position\":1,\"name\":\"Startseite\",\"item\":\"https:\\\/\\\/flyforfun.at\\\/en\\\/flyforfun-salzburg\\\/\"},{\"@type\":\"ListItem\",\"position\":2,\"name\":\"Fly For Fun Shop\",\"item\":\"https:\\\/\\\/flyforfun.at\\\/store\\\/\"},{\"@type\":\"ListItem\",\"position\":3,\"name\":\"Tagesticket &#8211; Pilot\"}]},{\"@type\":\"WebSite\",\"@id\":\"https:\\\/\\\/flyforfun.at\\\/#website\",\"url\":\"https:\\\/\\\/flyforfun.at\\\/\",\"name\":\"FlyForFun Salzburg\",\"description\":\"Paragleiten und Drachenfliegen am Gaisberg\",\"publisher\":{\"@id\":\"https:\\\/\\\/flyforfun.at\\\/#organization\"},\"potentialAction\":[{\"@type\":\"SearchAction\",\"target\":{\"@type\":\"EntryPoint\",\"urlTemplate\":\"https:\\\/\\\/flyforfun.at\\\/?s={search_term_string}\"},\"query-input\":{\"@type\":\"PropertyValueSpecification\",\"valueRequired\":true,\"valueName\":\"search_term_string\"}}],\"inLanguage\":\"en-US\"},{\"@type\":\"Organization\",\"@id\":\"https:\\\/\\\/flyforfun.at\\\/#organization\",\"name\":\"FlyForFun Salzburg\",\"url\":\"https:\\\/\\\/flyforfun.at\\\/\",\"logo\":{\"@type\":\"ImageObject\",\"inLanguage\":\"en-US\",\"@id\":\"https:\\\/\\\/flyforfun.at\\\/#\\\/schema\\\/logo\\\/image\\\/\",\"url\":\"https:\\\/\\\/flyforfun.at\\\/wp-content\\\/uploads\\\/2023\\\/04\\\/flyforfun_grau.webp\",\"contentUrl\":\"https:\\\/\\\/flyforfun.at\\\/wp-content\\\/uploads\\\/2023\\\/04\\\/flyforfun_grau.webp\",\"width\":1175,\"height\":1189,\"caption\":\"FlyForFun Salzburg\"},\"image\":{\"@id\":\"https:\\\/\\\/flyforfun.at\\\/#\\\/schema\\\/logo\\\/image\\\/\"},\"sameAs\":[\"https:\\\/\\\/www.facebook.com\\\/FlyForFunSalzburg\"]}]}<\/script>\n<!-- \/ Yoast SEO plugin. -->","yoast_head_json":{"title":"Tagesticket - Pilot - FlyForFun Salzburg","description":"Tagesticket f\u00fcr einen Piloten (Solo- oder Tandempilot) im Fluggebiet Gaisberg. G\u00fcltig f\u00fcr den Tag des Erwerbs. Nicht \u00fcbertragbar.","robots":{"index":"index","follow":"follow","max-snippet":"max-snippet:-1","max-image-preview":"max-image-preview:large","max-video-preview":"max-video-preview:-1"},"canonical":"https:\/\/flyforfun.at\/store\/ticket\/tagesticket-24h\/tagesticket-pilot\/","og_locale":"en_US","og_type":"article","og_title":"Tagesticket - Pilot - FlyForFun Salzburg","og_description":"Tagesticket f\u00fcr einen Piloten (Solo- oder Tandempilot) im Fluggebiet Gaisberg. G\u00fcltig f\u00fcr den Tag des Erwerbs. Nicht \u00fcbertragbar.","og_url":"https:\/\/flyforfun.at\/store\/ticket\/tagesticket-24h\/tagesticket-pilot\/","og_site_name":"FlyForFun Salzburg","article_publisher":"https:\/\/www.facebook.com\/FlyForFunSalzburg","article_modified_time":"2026-03-05T15:36:33+00:00","og_image":[{"width":600,"height":914,"url":"https:\/\/flyforfun.at\/wp-content\/uploads\/2023\/06\/Tagesticket_Pilot.jpg","type":"image\/jpeg"}],"twitter_card":"summary_large_image","twitter_misc":{"Est. reading time":"1 minute"},"schema":{"@context":"https:\/\/schema.org","@graph":[{"@type":"WebPage","@id":"https:\/\/flyforfun.at\/store\/ticket\/tagesticket-24h\/tagesticket-pilot\/","url":"https:\/\/flyforfun.at\/store\/ticket\/tagesticket-24h\/tagesticket-pilot\/","name":"Tagesticket - Pilot - FlyForFun Salzburg","isPartOf":{"@id":"https:\/\/flyforfun.at\/#website"},"primaryImageOfPage":{"@id":"https:\/\/flyforfun.at\/store\/ticket\/tagesticket-24h\/tagesticket-pilot\/#primaryimage"},"image":{"@id":"https:\/\/flyforfun.at\/store\/ticket\/tagesticket-24h\/tagesticket-pilot\/#primaryimage"},"thumbnailUrl":"https:\/\/flyforfun.at\/wp-content\/uploads\/2023\/06\/Tagesticket_Pilot.jpg","datePublished":"2023-06-08T10:16:36+00:00","dateModified":"2026-03-05T15:36:33+00:00","description":"Tagesticket f\u00fcr einen Piloten (Solo- oder Tandempilot) im Fluggebiet Gaisberg. G\u00fcltig f\u00fcr den Tag des Erwerbs. Nicht \u00fcbertragbar.","breadcrumb":{"@id":"https:\/\/flyforfun.at\/store\/ticket\/tagesticket-24h\/tagesticket-pilot\/#breadcrumb"},"inLanguage":"en-US","potentialAction":[{"@type":"ReadAction","target":["https:\/\/flyforfun.at\/store\/ticket\/tagesticket-24h\/tagesticket-pilot\/"]}]},{"@type":"ImageObject","inLanguage":"en-US","@id":"https:\/\/flyforfun.at\/store\/ticket\/tagesticket-24h\/tagesticket-pilot\/#primaryimage","url":"https:\/\/flyforfun.at\/wp-content\/uploads\/2023\/06\/Tagesticket_Pilot.jpg","contentUrl":"https:\/\/flyforfun.at\/wp-content\/uploads\/2023\/06\/Tagesticket_Pilot.jpg","width":600,"height":914},{"@type":"BreadcrumbList","@id":"https:\/\/flyforfun.at\/store\/ticket\/tagesticket-24h\/tagesticket-pilot\/#breadcrumb","itemListElement":[{"@type":"ListItem","position":1,"name":"Startseite","item":"https:\/\/flyforfun.at\/en\/flyforfun-salzburg\/"},{"@type":"ListItem","position":2,"name":"Fly For Fun Shop","item":"https:\/\/flyforfun.at\/store\/"},{"@type":"ListItem","position":3,"name":"Tagesticket &#8211; Pilot"}]},{"@type":"WebSite","@id":"https:\/\/flyforfun.at\/#website","url":"https:\/\/flyforfun.at\/","name":"FlyForFun Salzburg","description":"Paragleiten und Drachenfliegen am Gaisberg","publisher":{"@id":"https:\/\/flyforfun.at\/#organization"},"potentialAction":[{"@type":"SearchAction","target":{"@type":"EntryPoint","urlTemplate":"https:\/\/flyforfun.at\/?s={search_term_string}"},"query-input":{"@type":"PropertyValueSpecification","valueRequired":true,"valueName":"search_term_string"}}],"inLanguage":"en-US"},{"@type":"Organization","@id":"https:\/\/flyforfun.at\/#organization","name":"FlyForFun Salzburg","url":"https:\/\/flyforfun.at\/","logo":{"@type":"ImageObject","inLanguage":"en-US","@id":"https:\/\/flyforfun.at\/#\/schema\/logo\/image\/","url":"https:\/\/flyforfun.at\/wp-content\/uploads\/2023\/04\/flyforfun_grau.webp","contentUrl":"https:\/\/flyforfun.at\/wp-content\/uploads\/2023\/04\/flyforfun_grau.webp","width":1175,"height":1189,"caption":"FlyForFun Salzburg"},"image":{"@id":"https:\/\/flyforfun.at\/#\/schema\/logo\/image\/"},"sameAs":["https:\/\/www.facebook.com\/FlyForFunSalzburg"]}]}},"_links":{"self":[{"href":"https:\/\/flyforfun.at\/en\/wp-json\/wp\/v2\/product\/23948","targetHints":{"allow":["GET"]}}],"collection":[{"href":"https:\/\/flyforfun.at\/en\/wp-json\/wp\/v2\/product"}],"about":[{"href":"https:\/\/flyforfun.at\/en\/wp-json\/wp\/v2\/types\/product"}],"replies":[{"embeddable":true,"href":"https:\/\/flyforfun.at\/en\/wp-json\/wp\/v2\/comments?post=23948"}],"version-history":[{"count":1,"href":"https:\/\/flyforfun.at\/en\/wp-json\/wp\/v2\/product\/23948\/revisions"}],"predecessor-version":[{"id":34729,"href":"https:\/\/flyforfun.at\/en\/wp-json\/wp\/v2\/product\/23948\/revisions\/34729"}],"wp:featuredmedia":[{"embeddable":true,"href":"https:\/\/flyforfun.at\/en\/wp-json\/wp\/v2\/media\/34727"}],"wp:attachment":[{"href":"https:\/\/flyforfun.at\/en\/wp-json\/wp\/v2\/media?parent=23948"}],"wp:term":[{"taxonomy":"product_brand","embeddable":true,"href":"https:\/\/flyforfun.at\/en\/wp-json\/wp\/v2\/product_brand?post=23948"},{"taxonomy":"product_cat","embeddable":true,"href":"https:\/\/flyforfun.at\/en\/wp-json\/wp\/v2\/product_cat?post=23948"},{"taxonomy":"product_tag","embeddable":true,"href":"https:\/\/flyforfun.at\/en\/wp-json\/wp\/v2\/product_tag?post=23948"}],"curies":[{"name":"wp","href":"https:\/\/api.w.org\/{rel}","templated":true}]}}