{"id":12257,"date":"2022-09-30T21:14:21","date_gmt":"2022-09-30T19:14:21","guid":{"rendered":"https:\/\/flyforfun.at\/?post_type=product&#038;p=12257"},"modified":"2025-12-20T21:42:26","modified_gmt":"2025-12-20T20:42:26","slug":"wochenticket-gaisberg","status":"publish","type":"product","link":"https:\/\/flyforfun.at\/en\/store\/ticket\/wochenticket\/wochenticket-gaisberg\/","title":{"rendered":"Wochenticket &#8211; Pilot"},"content":{"rendered":"","protected":false},"excerpt":{"rendered":"<p>Mit diesem Wochenticket hast Du eine ganze Woche Flugspa\u00df auf Salzburgs beliebtesten Flugberg.<\/p>\n<p>G\u00fcltig 7 Tage ab Erwerb.<br \/>\nDieses Ticket ist nicht \u00fcbertragbar und gilt f\u00fcr 1 Piloten<\/p>\n<p>Falls du \u00f6fters im Jahr am Gaisberg fliegst, zahlt es sich aus ein\u00a0<a href=\"https:\/\/flyforfun.at\/store\/ticket\/jahresticket-365tage\/jahresticket-flyforfun-2024\/\"><strong>Jahresticket<\/strong><\/a> mit Vereinsmitgliedschaft zu erwerben. Neben einem Jahr Flugfreude am Gaisberg erh\u00e4ltst du dadurch einige Mitgliedsvorteile.<\/p>\n<p>Unser\u00a0<strong><a href=\"https:\/\/flyforfun.at\/gaisberg-ranger\/\" target=\"_blank\" rel=\"noopener\">Gaisberg Ranger Team<\/a>\u00a0<\/strong>kontrolliert vor Ort die Tickets und steht dir gerne mit Rat und Tat zur Seite.<\/p>\n<p><b>Wichtiger Hinweis<\/b><span style=\"font-weight: 400;\"><br \/>\n<\/span><span style=\"font-weight: 400;\">Das Wochenticket berechtigt Dich zu Fl\u00fcgen mit dem Paragleiter oder Drachen.<br \/>\nBei Fl\u00fcgen mit dem Tandem ben\u00f6tigst Du zus\u00e4tzlich ein <a href=\"https:\/\/flyforfun.at\/store\/ticket\/tagesticket-24h\/tagesticket-passagier\/\" target=\"_blank\" rel=\"noopener\"><strong>Tagesticket<\/strong> f\u00fcr Deinen <strong>Passagier<\/strong><\/a>.<br \/>\nDas Ticket ist nicht \u00fcbertragbar.<br \/>\nWenn du am Gaisberg fliegst, erkl\u00e4rst du dich mit unserer Flugordnung einverstanden! <\/span><span style=\"font-weight: 400;\"><br \/>\n<\/span><span style=\"font-weight: 400;\">Betr\u00e4ge umsatzsteuerfrei (gemeinn\u00fctziger Sportverein). Es gelten die <a href=\"https:\/\/flyforfun.at\/allgemeine-geschaeftsbedingungen\/\">FlyForFun AGB<\/a>.<\/span><\/p>\n<p>&nbsp;<\/p>\n","protected":false},"featured_media":34730,"comment_status":"closed","ping_status":"closed","template":"","meta":{"_acf_changed":false,"site-sidebar-layout":"default","site-content-layout":"default","ast-site-content-layout":"default","site-content-style":"default","site-sidebar-style":"default","ast-global-header-display":"","ast-banner-title-visibility":"","ast-main-header-display":"","ast-hfb-above-header-display":"","ast-hfb-below-header-display":"","ast-hfb-mobile-header-display":"","site-post-title":"","ast-breadcrumbs-content":"","ast-featured-img":"","footer-sml-layout":"","theme-transparent-header-meta":"default","adv-header-id-meta":"","stick-header-meta":"","header-above-stick-meta":"","header-main-stick-meta":"","header-below-stick-meta":"","astra-migrate-meta-layouts":"set","ast-page-background-enabled":"default","ast-page-background-meta":{"desktop":{"background-color":"","background-image":"","background-repeat":"repeat","background-position":"center center","background-size":"auto","background-attachment":"scroll","background-type":"","background-media":"","overlay-type":"","overlay-color":"","overlay-opacity":"","overlay-gradient":""},"tablet":{"background-color":"","background-image":"","background-repeat":"repeat","background-position":"center center","background-size":"auto","background-attachment":"scroll","background-type":"","background-media":"","overlay-type":"","overlay-color":"","overlay-opacity":"","overlay-gradient":""},"mobile":{"background-color":"","background-image":"","background-repeat":"repeat","background-position":"center center","background-size":"auto","background-attachment":"scroll","background-type":"","background-media":"","overlay-type":"","overlay-color":"","overlay-opacity":"","overlay-gradient":""}},"ast-content-background-meta":{"desktop":{"background-color":"var(--ast-global-color-5)","background-image":"","background-repeat":"repeat","background-position":"center center","background-size":"auto","background-attachment":"scroll","background-type":"","background-media":"","overlay-type":"","overlay-color":"","overlay-opacity":"","overlay-gradient":""},"tablet":{"background-color":"var(--ast-global-color-5)","background-image":"","background-repeat":"repeat","background-position":"center center","background-size":"auto","background-attachment":"scroll","background-type":"","background-media":"","overlay-type":"","overlay-color":"","overlay-opacity":"","overlay-gradient":""},"mobile":{"background-color":"var(--ast-global-color-5)","background-image":"","background-repeat":"repeat","background-position":"center center","background-size":"auto","background-attachment":"scroll","background-type":"","background-media":"","overlay-type":"","overlay-color":"","overlay-opacity":"","overlay-gradient":""}}},"product_brand":[],"product_cat":[116,117],"product_tag":[115,114,113],"class_list":{"0":"post-12257","1":"product","2":"type-product","3":"status-publish","4":"has-post-thumbnail","6":"product_cat-ticket","7":"product_cat-wochenticket","8":"product_tag-gaisberg-flyforfun","9":"product_tag-woche","10":"product_tag-wochenticket","11":"desktop-align-left","12":"tablet-align-left","13":"mobile-align-left","15":"first","16":"instock","17":"virtual","18":"sold-individually","19":"purchasable","20":"product-type-simple"},"acf":[],"yoast_head":"<!-- This site is optimized with the Yoast SEO plugin v27.3 - https:\/\/yoast.com\/product\/yoast-seo-wordpress\/ -->\n<title>Wochenticket - Pilot - FlyForFun Salzburg<\/title>\n<meta name=\"robots\" content=\"index, follow, max-snippet:-1, max-image-preview:large, max-video-preview:-1\" \/>\n<link rel=\"canonical\" href=\"https:\/\/flyforfun.at\/store\/ticket\/wochenticket\/wochenticket-gaisberg\/\" \/>\n<meta property=\"og:locale\" content=\"en_US\" \/>\n<meta property=\"og:type\" content=\"article\" \/>\n<meta property=\"og:title\" content=\"Wochenticket - Pilot - FlyForFun Salzburg\" \/>\n<meta property=\"og:description\" content=\"Mit diesem Wochenticket hast Du eine ganze Woche Flugspa\u00df auf Salzburgs beliebtesten Flugberg.  G\u00fcltig 7 Tage ab Erwerb. Dieses Ticket ist nicht \u00fcbertragbar und gilt f\u00fcr 1 Piloten  Falls du \u00f6fters im Jahr am Gaisberg fliegst, zahlt es sich aus ein\u00a0Jahresticket mit Vereinsmitgliedschaft zu erwerben. Neben einem Jahr Flugfreude am Gaisberg erh\u00e4ltst du dadurch einige Mitgliedsvorteile.  Unser\u00a0Gaisberg Ranger Team\u00a0kontrolliert vor Ort die Tickets und steht dir gerne mit Rat und Tat zur Seite.  Wichtiger Hinweis Das Wochenticket berechtigt Dich zu Fl\u00fcgen mit dem Paragleiter oder Drachen. Bei Fl\u00fcgen mit dem Tandem ben\u00f6tigst Du zus\u00e4tzlich ein Tagesticket f\u00fcr Deinen Passagier. Das Ticket ist nicht \u00fcbertragbar. Wenn du am Gaisberg fliegst, erkl\u00e4rst du dich mit unserer Flugordnung einverstanden!  Betr\u00e4ge umsatzsteuerfrei (gemeinn\u00fctziger Sportverein). Es gelten die FlyForFun AGB.  &nbsp;\" \/>\n<meta property=\"og:url\" content=\"https:\/\/flyforfun.at\/store\/ticket\/wochenticket\/wochenticket-gaisberg\/\" \/>\n<meta property=\"og:site_name\" content=\"FlyForFun Salzburg\" \/>\n<meta property=\"article:publisher\" content=\"https:\/\/www.facebook.com\/FlyForFunSalzburg\" \/>\n<meta property=\"article:modified_time\" content=\"2025-12-20T20:42:26+00:00\" \/>\n<meta property=\"og:image\" content=\"https:\/\/flyforfun.at\/wp-content\/uploads\/2022\/09\/Wochenticket_Gaisberg.jpg\" \/>\n\t<meta property=\"og:image:width\" content=\"600\" \/>\n\t<meta property=\"og:image:height\" content=\"914\" \/>\n\t<meta property=\"og:image:type\" content=\"image\/jpeg\" \/>\n<meta name=\"twitter:card\" content=\"summary_large_image\" \/>\n<meta name=\"twitter:label1\" content=\"Est. reading time\" \/>\n\t<meta name=\"twitter:data1\" content=\"1 minute\" \/>\n<script type=\"application\/ld+json\" class=\"yoast-schema-graph\">{\"@context\":\"https:\\\/\\\/schema.org\",\"@graph\":[{\"@type\":\"WebPage\",\"@id\":\"https:\\\/\\\/flyforfun.at\\\/store\\\/ticket\\\/wochenticket\\\/wochenticket-gaisberg\\\/\",\"url\":\"https:\\\/\\\/flyforfun.at\\\/store\\\/ticket\\\/wochenticket\\\/wochenticket-gaisberg\\\/\",\"name\":\"Wochenticket - Pilot - FlyForFun Salzburg\",\"isPartOf\":{\"@id\":\"https:\\\/\\\/flyforfun.at\\\/#website\"},\"primaryImageOfPage\":{\"@id\":\"https:\\\/\\\/flyforfun.at\\\/store\\\/ticket\\\/wochenticket\\\/wochenticket-gaisberg\\\/#primaryimage\"},\"image\":{\"@id\":\"https:\\\/\\\/flyforfun.at\\\/store\\\/ticket\\\/wochenticket\\\/wochenticket-gaisberg\\\/#primaryimage\"},\"thumbnailUrl\":\"https:\\\/\\\/flyforfun.at\\\/wp-content\\\/uploads\\\/2022\\\/09\\\/Wochenticket_Gaisberg.jpg\",\"datePublished\":\"2022-09-30T19:14:21+00:00\",\"dateModified\":\"2025-12-20T20:42:26+00:00\",\"breadcrumb\":{\"@id\":\"https:\\\/\\\/flyforfun.at\\\/store\\\/ticket\\\/wochenticket\\\/wochenticket-gaisberg\\\/#breadcrumb\"},\"inLanguage\":\"en-US\",\"potentialAction\":[{\"@type\":\"ReadAction\",\"target\":[\"https:\\\/\\\/flyforfun.at\\\/store\\\/ticket\\\/wochenticket\\\/wochenticket-gaisberg\\\/\"]}]},{\"@type\":\"ImageObject\",\"inLanguage\":\"en-US\",\"@id\":\"https:\\\/\\\/flyforfun.at\\\/store\\\/ticket\\\/wochenticket\\\/wochenticket-gaisberg\\\/#primaryimage\",\"url\":\"https:\\\/\\\/flyforfun.at\\\/wp-content\\\/uploads\\\/2022\\\/09\\\/Wochenticket_Gaisberg.jpg\",\"contentUrl\":\"https:\\\/\\\/flyforfun.at\\\/wp-content\\\/uploads\\\/2022\\\/09\\\/Wochenticket_Gaisberg.jpg\",\"width\":600,\"height\":914},{\"@type\":\"BreadcrumbList\",\"@id\":\"https:\\\/\\\/flyforfun.at\\\/store\\\/ticket\\\/wochenticket\\\/wochenticket-gaisberg\\\/#breadcrumb\",\"itemListElement\":[{\"@type\":\"ListItem\",\"position\":1,\"name\":\"Startseite\",\"item\":\"https:\\\/\\\/flyforfun.at\\\/en\\\/flyforfun-salzburg\\\/\"},{\"@type\":\"ListItem\",\"position\":2,\"name\":\"Fly For Fun Shop\",\"item\":\"https:\\\/\\\/flyforfun.at\\\/store\\\/\"},{\"@type\":\"ListItem\",\"position\":3,\"name\":\"Wochenticket &#8211; Pilot\"}]},{\"@type\":\"WebSite\",\"@id\":\"https:\\\/\\\/flyforfun.at\\\/#website\",\"url\":\"https:\\\/\\\/flyforfun.at\\\/\",\"name\":\"FlyForFun Salzburg\",\"description\":\"Paragleiten und Drachenfliegen am Gaisberg\",\"publisher\":{\"@id\":\"https:\\\/\\\/flyforfun.at\\\/#organization\"},\"potentialAction\":[{\"@type\":\"SearchAction\",\"target\":{\"@type\":\"EntryPoint\",\"urlTemplate\":\"https:\\\/\\\/flyforfun.at\\\/?s={search_term_string}\"},\"query-input\":{\"@type\":\"PropertyValueSpecification\",\"valueRequired\":true,\"valueName\":\"search_term_string\"}}],\"inLanguage\":\"en-US\"},{\"@type\":\"Organization\",\"@id\":\"https:\\\/\\\/flyforfun.at\\\/#organization\",\"name\":\"FlyForFun Salzburg\",\"url\":\"https:\\\/\\\/flyforfun.at\\\/\",\"logo\":{\"@type\":\"ImageObject\",\"inLanguage\":\"en-US\",\"@id\":\"https:\\\/\\\/flyforfun.at\\\/#\\\/schema\\\/logo\\\/image\\\/\",\"url\":\"https:\\\/\\\/flyforfun.at\\\/wp-content\\\/uploads\\\/2023\\\/04\\\/flyforfun_grau.webp\",\"contentUrl\":\"https:\\\/\\\/flyforfun.at\\\/wp-content\\\/uploads\\\/2023\\\/04\\\/flyforfun_grau.webp\",\"width\":1175,\"height\":1189,\"caption\":\"FlyForFun Salzburg\"},\"image\":{\"@id\":\"https:\\\/\\\/flyforfun.at\\\/#\\\/schema\\\/logo\\\/image\\\/\"},\"sameAs\":[\"https:\\\/\\\/www.facebook.com\\\/FlyForFunSalzburg\"]}]}<\/script>\n<!-- \/ Yoast SEO plugin. -->","yoast_head_json":{"title":"Wochenticket - Pilot - FlyForFun Salzburg","robots":{"index":"index","follow":"follow","max-snippet":"max-snippet:-1","max-image-preview":"max-image-preview:large","max-video-preview":"max-video-preview:-1"},"canonical":"https:\/\/flyforfun.at\/store\/ticket\/wochenticket\/wochenticket-gaisberg\/","og_locale":"en_US","og_type":"article","og_title":"Wochenticket - Pilot - FlyForFun Salzburg","og_description":"Mit diesem Wochenticket hast Du eine ganze Woche Flugspa\u00df auf Salzburgs beliebtesten Flugberg.  G\u00fcltig 7 Tage ab Erwerb. Dieses Ticket ist nicht \u00fcbertragbar und gilt f\u00fcr 1 Piloten  Falls du \u00f6fters im Jahr am Gaisberg fliegst, zahlt es sich aus ein\u00a0Jahresticket mit Vereinsmitgliedschaft zu erwerben. Neben einem Jahr Flugfreude am Gaisberg erh\u00e4ltst du dadurch einige Mitgliedsvorteile.  Unser\u00a0Gaisberg Ranger Team\u00a0kontrolliert vor Ort die Tickets und steht dir gerne mit Rat und Tat zur Seite.  Wichtiger Hinweis Das Wochenticket berechtigt Dich zu Fl\u00fcgen mit dem Paragleiter oder Drachen. Bei Fl\u00fcgen mit dem Tandem ben\u00f6tigst Du zus\u00e4tzlich ein Tagesticket f\u00fcr Deinen Passagier. Das Ticket ist nicht \u00fcbertragbar. Wenn du am Gaisberg fliegst, erkl\u00e4rst du dich mit unserer Flugordnung einverstanden!  Betr\u00e4ge umsatzsteuerfrei (gemeinn\u00fctziger Sportverein). Es gelten die FlyForFun AGB.  &nbsp;","og_url":"https:\/\/flyforfun.at\/store\/ticket\/wochenticket\/wochenticket-gaisberg\/","og_site_name":"FlyForFun Salzburg","article_publisher":"https:\/\/www.facebook.com\/FlyForFunSalzburg","article_modified_time":"2025-12-20T20:42:26+00:00","og_image":[{"width":600,"height":914,"url":"https:\/\/flyforfun.at\/wp-content\/uploads\/2022\/09\/Wochenticket_Gaisberg.jpg","type":"image\/jpeg"}],"twitter_card":"summary_large_image","twitter_misc":{"Est. reading time":"1 minute"},"schema":{"@context":"https:\/\/schema.org","@graph":[{"@type":"WebPage","@id":"https:\/\/flyforfun.at\/store\/ticket\/wochenticket\/wochenticket-gaisberg\/","url":"https:\/\/flyforfun.at\/store\/ticket\/wochenticket\/wochenticket-gaisberg\/","name":"Wochenticket - Pilot - FlyForFun Salzburg","isPartOf":{"@id":"https:\/\/flyforfun.at\/#website"},"primaryImageOfPage":{"@id":"https:\/\/flyforfun.at\/store\/ticket\/wochenticket\/wochenticket-gaisberg\/#primaryimage"},"image":{"@id":"https:\/\/flyforfun.at\/store\/ticket\/wochenticket\/wochenticket-gaisberg\/#primaryimage"},"thumbnailUrl":"https:\/\/flyforfun.at\/wp-content\/uploads\/2022\/09\/Wochenticket_Gaisberg.jpg","datePublished":"2022-09-30T19:14:21+00:00","dateModified":"2025-12-20T20:42:26+00:00","breadcrumb":{"@id":"https:\/\/flyforfun.at\/store\/ticket\/wochenticket\/wochenticket-gaisberg\/#breadcrumb"},"inLanguage":"en-US","potentialAction":[{"@type":"ReadAction","target":["https:\/\/flyforfun.at\/store\/ticket\/wochenticket\/wochenticket-gaisberg\/"]}]},{"@type":"ImageObject","inLanguage":"en-US","@id":"https:\/\/flyforfun.at\/store\/ticket\/wochenticket\/wochenticket-gaisberg\/#primaryimage","url":"https:\/\/flyforfun.at\/wp-content\/uploads\/2022\/09\/Wochenticket_Gaisberg.jpg","contentUrl":"https:\/\/flyforfun.at\/wp-content\/uploads\/2022\/09\/Wochenticket_Gaisberg.jpg","width":600,"height":914},{"@type":"BreadcrumbList","@id":"https:\/\/flyforfun.at\/store\/ticket\/wochenticket\/wochenticket-gaisberg\/#breadcrumb","itemListElement":[{"@type":"ListItem","position":1,"name":"Startseite","item":"https:\/\/flyforfun.at\/en\/flyforfun-salzburg\/"},{"@type":"ListItem","position":2,"name":"Fly For Fun Shop","item":"https:\/\/flyforfun.at\/store\/"},{"@type":"ListItem","position":3,"name":"Wochenticket &#8211; Pilot"}]},{"@type":"WebSite","@id":"https:\/\/flyforfun.at\/#website","url":"https:\/\/flyforfun.at\/","name":"FlyForFun Salzburg","description":"Paragleiten und Drachenfliegen am Gaisberg","publisher":{"@id":"https:\/\/flyforfun.at\/#organization"},"potentialAction":[{"@type":"SearchAction","target":{"@type":"EntryPoint","urlTemplate":"https:\/\/flyforfun.at\/?s={search_term_string}"},"query-input":{"@type":"PropertyValueSpecification","valueRequired":true,"valueName":"search_term_string"}}],"inLanguage":"en-US"},{"@type":"Organization","@id":"https:\/\/flyforfun.at\/#organization","name":"FlyForFun Salzburg","url":"https:\/\/flyforfun.at\/","logo":{"@type":"ImageObject","inLanguage":"en-US","@id":"https:\/\/flyforfun.at\/#\/schema\/logo\/image\/","url":"https:\/\/flyforfun.at\/wp-content\/uploads\/2023\/04\/flyforfun_grau.webp","contentUrl":"https:\/\/flyforfun.at\/wp-content\/uploads\/2023\/04\/flyforfun_grau.webp","width":1175,"height":1189,"caption":"FlyForFun Salzburg"},"image":{"@id":"https:\/\/flyforfun.at\/#\/schema\/logo\/image\/"},"sameAs":["https:\/\/www.facebook.com\/FlyForFunSalzburg"]}]}},"_links":{"self":[{"href":"https:\/\/flyforfun.at\/en\/wp-json\/wp\/v2\/product\/12257","targetHints":{"allow":["GET"]}}],"collection":[{"href":"https:\/\/flyforfun.at\/en\/wp-json\/wp\/v2\/product"}],"about":[{"href":"https:\/\/flyforfun.at\/en\/wp-json\/wp\/v2\/types\/product"}],"replies":[{"embeddable":true,"href":"https:\/\/flyforfun.at\/en\/wp-json\/wp\/v2\/comments?post=12257"}],"version-history":[{"count":1,"href":"https:\/\/flyforfun.at\/en\/wp-json\/wp\/v2\/product\/12257\/revisions"}],"predecessor-version":[{"id":34732,"href":"https:\/\/flyforfun.at\/en\/wp-json\/wp\/v2\/product\/12257\/revisions\/34732"}],"wp:featuredmedia":[{"embeddable":true,"href":"https:\/\/flyforfun.at\/en\/wp-json\/wp\/v2\/media\/34730"}],"wp:attachment":[{"href":"https:\/\/flyforfun.at\/en\/wp-json\/wp\/v2\/media?parent=12257"}],"wp:term":[{"taxonomy":"product_brand","embeddable":true,"href":"https:\/\/flyforfun.at\/en\/wp-json\/wp\/v2\/product_brand?post=12257"},{"taxonomy":"product_cat","embeddable":true,"href":"https:\/\/flyforfun.at\/en\/wp-json\/wp\/v2\/product_cat?post=12257"},{"taxonomy":"product_tag","embeddable":true,"href":"https:\/\/flyforfun.at\/en\/wp-json\/wp\/v2\/product_tag?post=12257"}],"curies":[{"name":"wp","href":"https:\/\/api.w.org\/{rel}","templated":true}]}}