{"id":18083,"date":"2022-11-22T11:15:55","date_gmt":"2022-11-22T11:15:55","guid":{"rendered":"https:\/\/flyforfun.at\/dokumente\/"},"modified":"2022-11-22T11:15:55","modified_gmt":"2022-11-22T11:15:55","slug":"dokumente","status":"publish","type":"page","link":"https:\/\/flyforfun.at\/en\/dokumente\/","title":{"rendered":"Dokumente"},"content":{"rendered":"\t\t<div data-elementor-type=\"wp-page\" data-elementor-id=\"18083\" class=\"elementor elementor-18083 elementor-14554\" data-elementor-post-type=\"page\">\n\t\t\t\t\t\t<section class=\"elementor-section elementor-top-section elementor-element elementor-element-1f3cd8f1 elementor-section-height-min-height elementor-section-boxed elementor-section-height-default elementor-section-items-middle\" data-id=\"1f3cd8f1\" data-element_type=\"section\" data-settings=\"{&quot;background_background&quot;:&quot;slideshow&quot;,&quot;background_slideshow_gallery&quot;:[{&quot;id&quot;:15020,&quot;url&quot;:&quot;https:\\\/\\\/flyforfun.at\\\/wp-content\\\/uploads\\\/2022\\\/06\\\/1200x657_Event_Groundhandling-2023.webp&quot;},{&quot;id&quot;:15010,&quot;url&quot;:&quot;https:\\\/\\\/flyforfun.at\\\/wp-content\\\/uploads\\\/2022\\\/11\\\/1200x675-169-WP-Event-Flugtag-2022.png&quot;},{&quot;id&quot;:14995,&quot;url&quot;:&quot;https:\\\/\\\/flyforfun.at\\\/wp-content\\\/uploads\\\/2022\\\/11\\\/1200x675-169-WP-Event-Clubabend-2023.1.png&quot;}],&quot;background_slideshow_loop&quot;:&quot;yes&quot;,&quot;background_slideshow_slide_duration&quot;:5000,&quot;background_slideshow_slide_transition&quot;:&quot;fade&quot;,&quot;background_slideshow_transition_duration&quot;:500}\">\n\t\t\t\t\t\t\t<div class=\"elementor-background-overlay\"><\/div>\n\t\t\t\t\t\t\t<div class=\"elementor-container elementor-column-gap-default\">\n\t\t\t\t\t<div class=\"elementor-column elementor-col-100 elementor-top-column elementor-element elementor-element-22e71ffd\" data-id=\"22e71ffd\" data-element_type=\"column\">\n\t\t\t<div class=\"elementor-widget-wrap elementor-element-populated\">\n\t\t\t\t\t\t<div class=\"elementor-element elementor-element-190d7f8 elementor-absolute elementor-widget elementor-widget-heading\" data-id=\"190d7f8\" data-element_type=\"widget\" data-settings=\"{&quot;_position&quot;:&quot;absolute&quot;}\" data-widget_type=\"heading.default\">\n\t\t\t\t<div class=\"elementor-widget-container\">\n\t\t\t\t\t<h1 class=\"elementor-heading-title elementor-size-default\">Dokumente<\/h1>\t\t\t\t<\/div>\n\t\t\t\t<\/div>\n\t\t\t\t\t<\/div>\n\t\t<\/div>\n\t\t\t\t\t<\/div>\n\t\t<\/section>\n\t\t\t\t<section class=\"elementor-section elementor-top-section elementor-element elementor-element-4abc4cf elementor-section-boxed elementor-section-height-default elementor-section-height-default\" data-id=\"4abc4cf\" data-element_type=\"section\">\n\t\t\t\t\t\t<div class=\"elementor-container elementor-column-gap-default\">\n\t\t\t\t\t<div class=\"elementor-column elementor-col-100 elementor-top-column elementor-element elementor-element-8c0e643\" data-id=\"8c0e643\" data-element_type=\"column\">\n\t\t\t<div class=\"elementor-widget-wrap\">\n\t\t\t\t\t\t\t<\/div>\n\t\t<\/div>\n\t\t\t\t\t<\/div>\n\t\t<\/section>\n\t\t\t\t<section class=\"elementor-section elementor-top-section elementor-element elementor-element-e18b21d elementor-section-boxed elementor-section-height-default elementor-section-height-default\" data-id=\"e18b21d\" data-element_type=\"section\">\n\t\t\t\t\t\t<div class=\"elementor-container elementor-column-gap-default\">\n\t\t\t\t\t<div class=\"elementor-column elementor-col-100 elementor-top-column elementor-element elementor-element-ede7037\" data-id=\"ede7037\" data-element_type=\"column\">\n\t\t\t<div class=\"elementor-widget-wrap\">\n\t\t\t\t\t\t\t<\/div>\n\t\t<\/div>\n\t\t\t\t\t<\/div>\n\t\t<\/section>\n\t\t\t\t<\/div>\n\t\t","protected":false},"excerpt":{"rendered":"<p>Dokumente Um diesen Inhalt anzuzeigen, m\u00fcssen Sie JavaScript in Ihrem Browser aktiviert haben. Gehen Sie dazu bitte wie folgt vor. Laden&#8230; Name Gr\u00f6\u00dfe \u00c4nderungsdatum Erstellungsdatum &nbsp; Aufsteigend Absteigend Miniaturansicht Listenansicht [&hellip;]<\/p>\n","protected":false},"author":3,"featured_media":0,"parent":0,"menu_order":0,"comment_status":"closed","ping_status":"closed","template":"","meta":{"_acf_changed":false,"site-sidebar-layout":"no-sidebar","site-content-layout":"page-builder","ast-site-content-layout":"default","site-content-style":"default","site-sidebar-style":"default","ast-global-header-display":"","ast-banner-title-visibility":"","ast-main-header-display":"","ast-hfb-above-header-display":"","ast-hfb-below-header-display":"","ast-hfb-mobile-header-display":"","site-post-title":"disabled","ast-breadcrumbs-content":"","ast-featured-img":"disabled","footer-sml-layout":"","theme-transparent-header-meta":"","adv-header-id-meta":"","stick-header-meta":"","header-above-stick-meta":"","header-main-stick-meta":"","header-below-stick-meta":"","astra-migrate-meta-layouts":"default","ast-page-background-enabled":"default","ast-page-background-meta":{"desktop":{"background-color":"","background-image":"","background-repeat":"repeat","background-position":"center center","background-size":"auto","background-attachment":"scroll","background-type":"","background-media":"","overlay-type":"","overlay-color":"","overlay-opacity":"","overlay-gradient":""},"tablet":{"background-color":"","background-image":"","background-repeat":"repeat","background-position":"center center","background-size":"auto","background-attachment":"scroll","background-type":"","background-media":"","overlay-type":"","overlay-color":"","overlay-opacity":"","overlay-gradient":""},"mobile":{"background-color":"","background-image":"","background-repeat":"repeat","background-position":"center center","background-size":"auto","background-attachment":"scroll","background-type":"","background-media":"","overlay-type":"","overlay-color":"","overlay-opacity":"","overlay-gradient":""}},"ast-content-background-meta":{"desktop":{"background-color":"var(--ast-global-color-5)","background-image":"","background-repeat":"repeat","background-position":"center center","background-size":"auto","background-attachment":"scroll","background-type":"","background-media":"","overlay-type":"","overlay-color":"","overlay-opacity":"","overlay-gradient":""},"tablet":{"background-color":"var(--ast-global-color-5)","background-image":"","background-repeat":"repeat","background-position":"center center","background-size":"auto","background-attachment":"scroll","background-type":"","background-media":"","overlay-type":"","overlay-color":"","overlay-opacity":"","overlay-gradient":""},"mobile":{"background-color":"var(--ast-global-color-5)","background-image":"","background-repeat":"repeat","background-position":"center center","background-size":"auto","background-attachment":"scroll","background-type":"","background-media":"","overlay-type":"","overlay-color":"","overlay-opacity":"","overlay-gradient":""}},"footnotes":""},"class_list":["post-18083","page","type-page","status-publish","hentry"],"acf":[],"yoast_head":"<!-- This site is optimized with the Yoast SEO plugin v27.4 - https:\/\/yoast.com\/product\/yoast-seo-wordpress\/ -->\n<title>Dokumente - FlyForFun Salzburg<\/title>\n<meta name=\"robots\" content=\"index, follow, max-snippet:-1, max-image-preview:large, max-video-preview:-1\" \/>\n<link rel=\"canonical\" href=\"https:\/\/flyforfun.at\/en\/dokumente\/\" \/>\n<meta property=\"og:locale\" content=\"en_US\" \/>\n<meta property=\"og:type\" content=\"article\" \/>\n<meta property=\"og:title\" content=\"Dokumente - FlyForFun Salzburg\" \/>\n<meta property=\"og:description\" content=\"Dokumente Um diesen Inhalt anzuzeigen, m\u00fcssen Sie JavaScript in Ihrem Browser aktiviert haben. Gehen Sie dazu bitte wie folgt vor. Laden&#8230; Name Gr\u00f6\u00dfe \u00c4nderungsdatum Erstellungsdatum &nbsp; Aufsteigend Absteigend Miniaturansicht Listenansicht [&hellip;]\" \/>\n<meta property=\"og:url\" content=\"https:\/\/flyforfun.at\/en\/dokumente\/\" \/>\n<meta property=\"og:site_name\" content=\"FlyForFun Salzburg\" \/>\n<meta property=\"article:publisher\" content=\"https:\/\/www.facebook.com\/FlyForFunSalzburg\" \/>\n<meta name=\"twitter:card\" content=\"summary_large_image\" \/>\n<script type=\"application\/ld+json\" class=\"yoast-schema-graph\">{\"@context\":\"https:\\\/\\\/schema.org\",\"@graph\":[{\"@type\":\"WebPage\",\"@id\":\"https:\\\/\\\/flyforfun.at\\\/en\\\/dokumente\\\/\",\"url\":\"https:\\\/\\\/flyforfun.at\\\/en\\\/dokumente\\\/\",\"name\":\"Dokumente - FlyForFun Salzburg\",\"isPartOf\":{\"@id\":\"https:\\\/\\\/flyforfun.at\\\/#website\"},\"datePublished\":\"2022-11-22T11:15:55+00:00\",\"breadcrumb\":{\"@id\":\"https:\\\/\\\/flyforfun.at\\\/en\\\/dokumente\\\/#breadcrumb\"},\"inLanguage\":\"en-US\",\"potentialAction\":[{\"@type\":\"ReadAction\",\"target\":[\"https:\\\/\\\/flyforfun.at\\\/en\\\/dokumente\\\/\"]}]},{\"@type\":\"BreadcrumbList\",\"@id\":\"https:\\\/\\\/flyforfun.at\\\/en\\\/dokumente\\\/#breadcrumb\",\"itemListElement\":[{\"@type\":\"ListItem\",\"position\":1,\"name\":\"Startseite\",\"item\":\"https:\\\/\\\/flyforfun.at\\\/en\\\/flyforfun-salzburg\\\/\"},{\"@type\":\"ListItem\",\"position\":2,\"name\":\"Dokumente\"}]},{\"@type\":\"WebSite\",\"@id\":\"https:\\\/\\\/flyforfun.at\\\/#website\",\"url\":\"https:\\\/\\\/flyforfun.at\\\/\",\"name\":\"FlyForFun Salzburg\",\"description\":\"Paragleiten und Drachenfliegen am Gaisberg\",\"publisher\":{\"@id\":\"https:\\\/\\\/flyforfun.at\\\/#organization\"},\"potentialAction\":[{\"@type\":\"SearchAction\",\"target\":{\"@type\":\"EntryPoint\",\"urlTemplate\":\"https:\\\/\\\/flyforfun.at\\\/?s={search_term_string}\"},\"query-input\":{\"@type\":\"PropertyValueSpecification\",\"valueRequired\":true,\"valueName\":\"search_term_string\"}}],\"inLanguage\":\"en-US\"},{\"@type\":\"Organization\",\"@id\":\"https:\\\/\\\/flyforfun.at\\\/#organization\",\"name\":\"FlyForFun Salzburg\",\"url\":\"https:\\\/\\\/flyforfun.at\\\/\",\"logo\":{\"@type\":\"ImageObject\",\"inLanguage\":\"en-US\",\"@id\":\"https:\\\/\\\/flyforfun.at\\\/#\\\/schema\\\/logo\\\/image\\\/\",\"url\":\"https:\\\/\\\/flyforfun.at\\\/wp-content\\\/uploads\\\/2023\\\/04\\\/flyforfun_grau.webp\",\"contentUrl\":\"https:\\\/\\\/flyforfun.at\\\/wp-content\\\/uploads\\\/2023\\\/04\\\/flyforfun_grau.webp\",\"width\":1175,\"height\":1189,\"caption\":\"FlyForFun Salzburg\"},\"image\":{\"@id\":\"https:\\\/\\\/flyforfun.at\\\/#\\\/schema\\\/logo\\\/image\\\/\"},\"sameAs\":[\"https:\\\/\\\/www.facebook.com\\\/FlyForFunSalzburg\"]}]}<\/script>\n<!-- \/ Yoast SEO plugin. -->","yoast_head_json":{"title":"Dokumente - FlyForFun Salzburg","robots":{"index":"index","follow":"follow","max-snippet":"max-snippet:-1","max-image-preview":"max-image-preview:large","max-video-preview":"max-video-preview:-1"},"canonical":"https:\/\/flyforfun.at\/en\/dokumente\/","og_locale":"en_US","og_type":"article","og_title":"Dokumente - FlyForFun Salzburg","og_description":"Dokumente Um diesen Inhalt anzuzeigen, m\u00fcssen Sie JavaScript in Ihrem Browser aktiviert haben. Gehen Sie dazu bitte wie folgt vor. Laden&#8230; Name Gr\u00f6\u00dfe \u00c4nderungsdatum Erstellungsdatum &nbsp; Aufsteigend Absteigend Miniaturansicht Listenansicht [&hellip;]","og_url":"https:\/\/flyforfun.at\/en\/dokumente\/","og_site_name":"FlyForFun Salzburg","article_publisher":"https:\/\/www.facebook.com\/FlyForFunSalzburg","twitter_card":"summary_large_image","schema":{"@context":"https:\/\/schema.org","@graph":[{"@type":"WebPage","@id":"https:\/\/flyforfun.at\/en\/dokumente\/","url":"https:\/\/flyforfun.at\/en\/dokumente\/","name":"Dokumente - FlyForFun Salzburg","isPartOf":{"@id":"https:\/\/flyforfun.at\/#website"},"datePublished":"2022-11-22T11:15:55+00:00","breadcrumb":{"@id":"https:\/\/flyforfun.at\/en\/dokumente\/#breadcrumb"},"inLanguage":"en-US","potentialAction":[{"@type":"ReadAction","target":["https:\/\/flyforfun.at\/en\/dokumente\/"]}]},{"@type":"BreadcrumbList","@id":"https:\/\/flyforfun.at\/en\/dokumente\/#breadcrumb","itemListElement":[{"@type":"ListItem","position":1,"name":"Startseite","item":"https:\/\/flyforfun.at\/en\/flyforfun-salzburg\/"},{"@type":"ListItem","position":2,"name":"Dokumente"}]},{"@type":"WebSite","@id":"https:\/\/flyforfun.at\/#website","url":"https:\/\/flyforfun.at\/","name":"FlyForFun Salzburg","description":"Paragleiten und Drachenfliegen am Gaisberg","publisher":{"@id":"https:\/\/flyforfun.at\/#organization"},"potentialAction":[{"@type":"SearchAction","target":{"@type":"EntryPoint","urlTemplate":"https:\/\/flyforfun.at\/?s={search_term_string}"},"query-input":{"@type":"PropertyValueSpecification","valueRequired":true,"valueName":"search_term_string"}}],"inLanguage":"en-US"},{"@type":"Organization","@id":"https:\/\/flyforfun.at\/#organization","name":"FlyForFun Salzburg","url":"https:\/\/flyforfun.at\/","logo":{"@type":"ImageObject","inLanguage":"en-US","@id":"https:\/\/flyforfun.at\/#\/schema\/logo\/image\/","url":"https:\/\/flyforfun.at\/wp-content\/uploads\/2023\/04\/flyforfun_grau.webp","contentUrl":"https:\/\/flyforfun.at\/wp-content\/uploads\/2023\/04\/flyforfun_grau.webp","width":1175,"height":1189,"caption":"FlyForFun Salzburg"},"image":{"@id":"https:\/\/flyforfun.at\/#\/schema\/logo\/image\/"},"sameAs":["https:\/\/www.facebook.com\/FlyForFunSalzburg"]}]}},"_links":{"self":[{"href":"https:\/\/flyforfun.at\/en\/wp-json\/wp\/v2\/pages\/18083","targetHints":{"allow":["GET"]}}],"collection":[{"href":"https:\/\/flyforfun.at\/en\/wp-json\/wp\/v2\/pages"}],"about":[{"href":"https:\/\/flyforfun.at\/en\/wp-json\/wp\/v2\/types\/page"}],"author":[{"embeddable":true,"href":"https:\/\/flyforfun.at\/en\/wp-json\/wp\/v2\/users\/3"}],"replies":[{"embeddable":true,"href":"https:\/\/flyforfun.at\/en\/wp-json\/wp\/v2\/comments?post=18083"}],"version-history":[{"count":0,"href":"https:\/\/flyforfun.at\/en\/wp-json\/wp\/v2\/pages\/18083\/revisions"}],"wp:attachment":[{"href":"https:\/\/flyforfun.at\/en\/wp-json\/wp\/v2\/media?parent=18083"}],"curies":[{"name":"wp","href":"https:\/\/api.w.org\/{rel}","templated":true}]}}